{"id":995,"date":"2011-11-04T19:43:03","date_gmt":"2011-11-04T17:43:03","guid":{"rendered":"http:\/\/berta-online.org\/?page_id=995"},"modified":"2014-04-14T19:14:30","modified_gmt":"2014-04-14T17:14:30","slug":"antirepression","status":"publish","type":"page","link":"https:\/\/berta-online.org\/?page_id=995","title":{"rendered":"Repression"},"content":{"rendered":"<p>Sp\u00e4testens mit den Ereignissen in \u00d6sterreich wurde deutlich, dass es immer wieder zu Repressionen gegen Menschen, die sich f\u00fcr praktische und theoretische Tierbefreiungsarbeit einsetzen kommt. Viele Menschen sitzen deshalb in Gef\u00e4ngnissen, insbesondere in England und Amerika.<br \/>\nNicht immer kommt es zu so einem medialen Interesse, wie es bei den  Austrian13 der Fall war. Die meisten Anzeigen und Verurteilungen passieren im Stillen und ohne gro\u00dfen Aufschrei.<br \/>\nWir m\u00f6chten gerne versuchen auf alle aktuellen Prozesse gegen Tierbefreier_innen aufmerksam zu machen und zu solidarischem Verhalten aufrufen.<br \/>\nEs gibt viele M\u00f6glichkeiten sich solidarisch zu zeigen, mit Soliaktionen um Geld zu sammeln, mit dem Schreiben von Briefen an Gefangene, mit der kontinuierlichen Weiterverfolgung der Ziele auf dem Weg zu einer befreiten Gesellschaft.<\/p>\n<hr \/>\n<p><strong>Aktuelle F\u00e4lle:<\/strong><\/p>\n<p>Um momentan Inhaftierte zu unterst\u00fctzen und nachzulesen, was ihnen vorgeworfen wird kann die Seite <a href=\"http:\/\/www.arprisoners.org\/\" target=\"_blank\">http:\/\/www.arprisoners.org\/<\/a> besucht werden.<\/p>\n<p><a href=\"http:\/\/totalliberation.blogsport.de\/\" target=\"_blank\">http:\/\/totalliberation.blogsport.de\/<\/a> besucht werden.<\/p>\n<hr \/>\n<p><strong>1. Blackmail 3: <\/strong><a href=\"http:\/\/blackmail3.org\/\" target=\"_blank\">http:\/\/blackmail3.org\/<\/a>\/<\/p>\n<p align=\"justify\">\nWir, die Aktivisten der Tierbefreiungsgruppe BerTA wollen unsere Solidarit\u00e4t mit den Blackmail 3 ausdr\u00fccken.<br \/>\nWir haben einen Solidarit\u00e4tsnachmittag veranstaltet, um Geld fuer die Blackmail 3 zu sammeln, weil wir wissen, wie wichtig emotionale und finanzielle Unterst\u00fctzung f\u00fcr sie sind. Wir sind uns bewusst, dass wir nie zulassen d\u00fcrfen, dass uns Repression einsch\u00fcchtert. Wir werden an Stelle der Blackmail 3 weiterk\u00e4mpfen, damit Tierversuchslabore wie HLS schlie\u00dfen werden.<br \/>\nWir senden ihnen Liebe, Mut und Hoffnung und hoffen sie wissen, dass wir in Gedanken bei ihnen sind.\n<\/p>\n<p><img loading=\"lazy\" decoding=\"async\" src=\"http:\/\/berta-online.org\/wp-content\/uploads\/bm3_800x600.jpg\" height=\"405\" width=\"540\" alt=\"\" \/><\/p>\n<p><img loading=\"lazy\" decoding=\"async\" src=\"http:\/\/berta-online.org\/wp-content\/uploads\/bm3_pixel_kl1.jpg\" height=\"405\" width=\"540\" alt=\"\" \/><\/p>\n<hr \/>\n<p><strong>2. Kevin&#038;Tyler: <\/strong><a href=\"http:\/\/supportkevinandtyler.com\/\" target=\"_blank\">http:\/\/supportkevinandtyler.com\/<\/a>\/<\/p>\n<hr \/>\n<p><strong>3. DIE BARCHEM 4:<\/strong><\/p>\n<hr \/>\n<p><strong>4. Schwedische Aktivistin Ebba: <\/strong><a href=\"https:\/\/www.facebook.com\/supportebba\/\" \n>https:\/\/www.facebook.com\/supportebba\/<\/a>\/<\/p>\n","protected":false},"excerpt":{"rendered":"<p>Sp\u00e4testens mit den Ereignissen in \u00d6sterreich wurde deutlich, dass es immer wieder zu Repressionen gegen Menschen, die sich f\u00fcr praktische und theoretische Tierbefreiungsarbeit einsetzen kommt. Viele Menschen sitzen deshalb in Gef\u00e4ngnissen, insbesondere in England und Amerika. Nicht immer kommt es &hellip; <a href=\"https:\/\/berta-online.org\/?page_id=995\">Weiterlesen <span class=\"meta-nav\">&rarr;<\/span><\/a><\/p>\n","protected":false},"author":10,"featured_media":0,"parent":0,"menu_order":45,"comment_status":"closed","ping_status":"closed","template":"","meta":{"footnotes":""},"class_list":["post-995","page","type-page","status-publish","hentry"],"_links":{"self":[{"href":"https:\/\/berta-online.org\/index.php?rest_route=\/wp\/v2\/pages\/995","targetHints":{"allow":["GET"]}}],"collection":[{"href":"https:\/\/berta-online.org\/index.php?rest_route=\/wp\/v2\/pages"}],"about":[{"href":"https:\/\/berta-online.org\/index.php?rest_route=\/wp\/v2\/types\/page"}],"author":[{"embeddable":true,"href":"https:\/\/berta-online.org\/index.php?rest_route=\/wp\/v2\/users\/10"}],"replies":[{"embeddable":true,"href":"https:\/\/berta-online.org\/index.php?rest_route=%2Fwp%2Fv2%2Fcomments&post=995"}],"version-history":[{"count":24,"href":"https:\/\/berta-online.org\/index.php?rest_route=\/wp\/v2\/pages\/995\/revisions"}],"predecessor-version":[{"id":2407,"href":"https:\/\/berta-online.org\/index.php?rest_route=\/wp\/v2\/pages\/995\/revisions\/2407"}],"wp:attachment":[{"href":"https:\/\/berta-online.org\/index.php?rest_route=%2Fwp%2Fv2%2Fmedia&parent=995"}],"curies":[{"name":"wp","href":"https:\/\/api.w.org\/{rel}","templated":true}]}}