{"id":58,"date":"2010-08-27T14:47:52","date_gmt":"2010-08-27T12:47:52","guid":{"rendered":"http:\/\/berta-online.org\/?page_id=58"},"modified":"2010-08-29T17:29:12","modified_gmt":"2010-08-29T15:29:12","slug":"rechte-fur-tiere-nicht-mit-uns","status":"publish","type":"page","link":"https:\/\/berta-online.org\/?page_id=58","title":{"rendered":"&#8222;Rechte f\u00fcr Tiere? &#8211; Nicht mit uns!&#8220;"},"content":{"rendered":"<div>\n<h2>&#8222;Rechte f\u00fcr Tiere? &#8211; Nicht mit uns!&#8220;<br \/>\nOffener Brief der Berliner Antispe-Demo-Organisator_innen zu den Instrumentalisierungsversuchen von Neonazis<\/h2>\n<p>F\u00fcr den 15.11.2008 hatten wir zu einer Demonstration unter dem Motto &#8222;Animal Liberation &#8211; Escada aus dem Pelzhandel kicken&#8220;  aufgerufen, an der sich \u00fcber 500 Tierbefreiungsaktivist_innen beteiligten. F\u00fcr Diskussion sorgten Versuche von Neonazis die  Demonstration zu instrumentalisieren. Zu diesen Instrumentalisierungsversuchen m\u00f6chten wir hiermit Stellung beziehen:<\/p>\n<p>Selbsternannte &#8222;Nationale Videoaktivisten&#8220; hatten auf ihrer Internetseite im Vorfeld f\u00fcr unsere Antispe-Demo die Werbetrommel  ger\u00fchrt. Davon lie\u00dfen sie sich auch durch unsere ausdr\u00fcckliche Aufforderung, dies zu unterlassen, nicht abhalten.  Inzwischen haben diese Neonazis auf ihrer Webseite ein Video mit Bildern von der Demo ver\u00f6ffentlicht, sowie einen kurzen  Text, der glauben machen soll, Menschen &#8222;egal welcher politischen Ausrichtung&#8220; h\u00e4tten hier friedlich in wechselseitiger  Akzeptanz &#8222;gegen Perversion und Tierqu\u00e4lerei&#8220; demonstriert.<\/p>\n<p>Mal ganz abgesehen davon, dass sich die Demo nicht gegen &#8222;Tierqu\u00e4lerei&#8220; (als einer Form besonders schlimmer Tierausbeutung)  und schon gar nicht gegen &#8222;Perversion&#8220; richtete, sondern gegen die Vorstellung, Menschen h\u00e4tten ein wie auch immer  begr\u00fcndetes Recht Tiere zu nutzen, kann von Akzeptanz und Toleranz weder durch die Organisator_innen noch durch die  Teilnehmer_innen der Demonstration die Rede sein. Dass Neonazis auf unserer Demo nicht erw\u00fcnscht waren und nicht geduldet  werden w\u00fcrden, hatten wir bereits im Vorfeld und auch auf der Auftaktkundgebung am Alexanderplatz deutlich gemacht.  Mehrere Personen, die aus Neonazizusammenh\u00e4ngen bekannt sind, versuchten dennoch sich an der Demo zu beteiligen und wurden  bereits kurze Zeit, nachdem sich der Demonstrationszug in Bewegung gesetzt hatte, erkannt und der Demo verwiesen. Sie hatten  versucht sich in die Demo einzureihen und diese gefilmt. Die nun ver\u00f6ffentlichten Videobeitr\u00e4ge zeigen ausschlie\u00dflich  Aufnahmen vom Beginn der Demonstration und versuchen das Bild zu vermitteln, dass Neonazis keine Probleme gehabt h\u00e4tten,  sich an einer Demonstration der Tierbefreiungsbewegung zu beteiligen.<\/p>\n<p>Uns ist die politische Ausrichtung der Menschen, die an unseren Aktionen teilnehmen und f\u00fcr unsere Aktionen Werbung machen,  nicht egal. Wir agieren nicht unter dem Leitspruch &#8222;Hauptsache f\u00fcr die Tiere&#8220;. Wir k\u00e4mpfen f\u00fcr eine befreite Gesellschaft  und richten uns gegen gesellschaftliche Unterdr\u00fcckungsverh\u00e4ltnisse. Mit nationalistischen Gruppierungen und Menschen,  die rassistische, antisemitische oder sexistische Positionen vertreten, werden wir nicht zusammenarbeiten.  Derartige Denkformen gilt es f\u00fcr uns genauso zu bek\u00e4mpfen wie den in der Gesellschaft verankerten Speziesismus.<\/p>\n<p><strong>F\u00fcr die Befreiung von Mensch und Tier!<br \/>\nDie Organisator_innen der Antispe-Demo vom 15.11.2008<\/strong><\/p>\n<hr \/>\n<\/div>\n","protected":false},"excerpt":{"rendered":"<p>&#8222;Rechte f\u00fcr Tiere? &#8211; Nicht mit uns!&#8220; Offener Brief der Berliner Antispe-Demo-Organisator_innen zu den Instrumentalisierungsversuchen von Neonazis F\u00fcr den 15.11.2008 hatten wir zu einer Demonstration unter dem Motto &#8222;Animal Liberation &#8211; Escada aus dem Pelzhandel kicken&#8220; aufgerufen, an der sich &hellip; <a href=\"https:\/\/berta-online.org\/?page_id=58\">Weiterlesen <span class=\"meta-nav\">&rarr;<\/span><\/a><\/p>\n","protected":false},"author":10,"featured_media":0,"parent":16,"menu_order":0,"comment_status":"closed","ping_status":"closed","template":"","meta":{"footnotes":""},"class_list":["post-58","page","type-page","status-publish","hentry"],"_links":{"self":[{"href":"https:\/\/berta-online.org\/index.php?rest_route=\/wp\/v2\/pages\/58","targetHints":{"allow":["GET"]}}],"collection":[{"href":"https:\/\/berta-online.org\/index.php?rest_route=\/wp\/v2\/pages"}],"about":[{"href":"https:\/\/berta-online.org\/index.php?rest_route=\/wp\/v2\/types\/page"}],"author":[{"embeddable":true,"href":"https:\/\/berta-online.org\/index.php?rest_route=\/wp\/v2\/users\/10"}],"replies":[{"embeddable":true,"href":"https:\/\/berta-online.org\/index.php?rest_route=%2Fwp%2Fv2%2Fcomments&post=58"}],"version-history":[{"count":2,"href":"https:\/\/berta-online.org\/index.php?rest_route=\/wp\/v2\/pages\/58\/revisions"}],"predecessor-version":[{"id":120,"href":"https:\/\/berta-online.org\/index.php?rest_route=\/wp\/v2\/pages\/58\/revisions\/120"}],"up":[{"embeddable":true,"href":"https:\/\/berta-online.org\/index.php?rest_route=\/wp\/v2\/pages\/16"}],"wp:attachment":[{"href":"https:\/\/berta-online.org\/index.php?rest_route=%2Fwp%2Fv2%2Fmedia&parent=58"}],"curies":[{"name":"wp","href":"https:\/\/api.w.org\/{rel}","templated":true}]}}