{"id":5,"date":"2010-08-27T14:02:17","date_gmt":"2010-08-27T12:02:17","guid":{"rendered":"http:\/\/berta-online.org\/?page_id=5"},"modified":"2015-01-28T19:44:07","modified_gmt":"2015-01-28T17:44:07","slug":"uber-uns","status":"publish","type":"page","link":"https:\/\/berta-online.org\/?page_id=5","title":{"rendered":"\u00dcber uns"},"content":{"rendered":"<p><strong>F\u00fcr die Befreiung von Mensch und Tier!<\/strong><\/p>\n<p>Die <em>Berliner-Tierbefreiungs-Aktion (BerTA)<\/em> wurde 1997 gegr\u00fcndet. Einige Menschen kamen zusammen, um sich aktiv f\u00fcr die Befreiung der Tiere einzusetzen.<\/p>\n<p>Tiere sind f\u00fchlende und leidensf\u00e4hige Individuen. Sie haben ein Recht  auf physische und psychische Unversehrtheit. Das bedeutet: ein Leben in  Freiheit, ohne der Willk\u00fcr und Gewalt des Menschen ausgesetzt zu sein.  Dieses Herrschaftsverh\u00e4ltnis, den Speziesismus, gilt es aus unserer  Sicht abzuschaffen. Speziesismus bedeutet die Unterdr\u00fcckung aufgrund der  Zugeh\u00f6rigkeit zu einer Spezies \u2013 oder vielmehr der Nicht-Zugeh\u00f6rigkeit  zur Spezies Mensch.<\/p>\n<p>Wir setzen uns nicht f\u00fcr gr\u00f6\u00dfere K\u00e4fige oder schmerzfreie  T\u00f6tungsmethoden ein, sondern wollen Unterdr\u00fcckungsverh\u00e4ltnisse beenden.  Eine vegane Lebensweise ist eine wichtige Voraussetzung, um die  Tierausbeutung zu beenden. Es ist aber auch erforderlich, alle anderen  Formen der Unterdr\u00fcckung zu bek\u00e4mpfen.<\/p>\n<p>Durch verschiedene Aktionsformen (siehe <a href=\"?page_id=1641\">Aktionen<\/a>) wollen wir das Augenmerk der Gesellschaft auf das richten,  was die Ausbeutungsindustrie hinter ihren T\u00fcren verschlossen h\u00e4lt und zu einer Ver\u00e4nderung  des herrschenden Normalzustandes beitragen. Wir organisieren Demonstrationen,  Informationsveranstaltungen, inhaltliche Diskussionen, vegane Vok\u00fcs, Solikonzerte und Aktionen  des zivilen Ungehorsams. Obwohl wir selber keine autonomen Tierrechtsaktionen (z.B. Tierbefreiungen)  durchf\u00fchren, erkl\u00e4ren wir uns solidarisch dazu.<\/p>\n<p>Alle Leute, die sich aktiv gegen Herrschaft und Tierausbeutung  einsetzen wollen, sind bei unseren Aktionen willkommen (<a href =\"?page_id=814\">mitmachen<\/a>). <\/p>\n<p><b>Was wir wollen, ist eine befreite Gesellschaft, in der auch Tiere als freie Individuen ihren Platz finden.<\/b><\/p>\n<hr\/>\n<p><em>Von der Sekte <a href=\"?page_id=7\">Universelles Leben<\/a> und ihren Methoden distanzieren wir uns ausdr\u00fccklich.<\/em><\/p>\n","protected":false},"excerpt":{"rendered":"<p>F\u00fcr die Befreiung von Mensch und Tier! Die Berliner-Tierbefreiungs-Aktion (BerTA) wurde 1997 gegr\u00fcndet. Einige Menschen kamen zusammen, um sich aktiv f\u00fcr die Befreiung der Tiere einzusetzen. Tiere sind f\u00fchlende und leidensf\u00e4hige Individuen. Sie haben ein Recht auf physische und psychische &hellip; <a href=\"https:\/\/berta-online.org\/?page_id=5\">Weiterlesen <span class=\"meta-nav\">&rarr;<\/span><\/a><\/p>\n","protected":false},"author":10,"featured_media":0,"parent":0,"menu_order":20,"comment_status":"closed","ping_status":"closed","template":"","meta":{"footnotes":""},"class_list":["post-5","page","type-page","status-publish","hentry"],"_links":{"self":[{"href":"https:\/\/berta-online.org\/index.php?rest_route=\/wp\/v2\/pages\/5","targetHints":{"allow":["GET"]}}],"collection":[{"href":"https:\/\/berta-online.org\/index.php?rest_route=\/wp\/v2\/pages"}],"about":[{"href":"https:\/\/berta-online.org\/index.php?rest_route=\/wp\/v2\/types\/page"}],"author":[{"embeddable":true,"href":"https:\/\/berta-online.org\/index.php?rest_route=\/wp\/v2\/users\/10"}],"replies":[{"embeddable":true,"href":"https:\/\/berta-online.org\/index.php?rest_route=%2Fwp%2Fv2%2Fcomments&post=5"}],"version-history":[{"count":40,"href":"https:\/\/berta-online.org\/index.php?rest_route=\/wp\/v2\/pages\/5\/revisions"}],"predecessor-version":[{"id":2792,"href":"https:\/\/berta-online.org\/index.php?rest_route=\/wp\/v2\/pages\/5\/revisions\/2792"}],"wp:attachment":[{"href":"https:\/\/berta-online.org\/index.php?rest_route=%2Fwp%2Fv2%2Fmedia&parent=5"}],"curies":[{"name":"wp","href":"https:\/\/api.w.org\/{rel}","templated":true}]}}