{"id":458,"date":"2010-11-10T18:40:19","date_gmt":"2010-11-10T16:40:19","guid":{"rendered":"http:\/\/berta-online.org\/?page_id=458"},"modified":"2014-11-28T13:43:24","modified_gmt":"2014-11-28T11:43:24","slug":"newsletter","status":"publish","type":"page","link":"https:\/\/berta-online.org\/?page_id=458","title":{"rendered":"Newsletter"},"content":{"rendered":"<h2>Bestellt den BerTA-Newsletter<\/h2>\n<p allign=\"justify\">\nWenn Ihr regelm\u00e4\u00dfig aktuelle Termine, Nachrichten und Hintergrundinfos rund um das Thema Tierbefreiung in Berlin erhalten wollt, dann k\u00f6nnt Ihr Euch sehr gerne f\u00fcr den BerTA-Newsletter anmelden. Schreibt einfach von der Adresse an die ihr den Newsletter geschickt haben m\u00f6chtet, eine leere Mail an\n<\/p>\n<p><a href = \"mailto:tb-news-subscribe@lists.riseup.net\">tb-news-subscribe@lists.riseup.net<\/a><\/p>\n<p>Ihr bekommt daraufhin eine Best\u00e4tigungsmail, in der ihr nochmal einen Link anklicken m\u00fcsst. Und schon seid ihr dabei.<\/p>\n<hr\/>\n<p>Wenn Ihr den Newsletter k\u00fcndigen wollt, schickt eine leere Mail an<\/p>\n<p><a href = \"mailto:tb-news-unsubscribe@lists.riseup.net\">tb-news-unsubscribe@lists.riseup.net<\/a>.<\/p>\n<p>Auch hier bekommt ihr eine Mail, in der ihr best\u00e4tigen m\u00fcsst, dass ihr von dem Verteiler genommen werden wollt.<\/p>\n<p><!--\n\n\n<form action=\"http:\/\/lists.vegmail.de\/mailman\/subscribe\/berlin\/\" method=\"post\">\n\nE-mail Adresse:<input name=\"email\" size=\"30\" type=\"Text\" \/> \n\nName (optional):<input name=\"fullname\" size=\"30\" type=\"Text\" \/>\n\nDu kannst ein Passwort, zur \u00c4nderung deines Newsletter-Accounts anlegen (optional). Bitte verwende kein wichtiges Passwort, welches du in anderen Zusammenh\u00e4ngen nutzt.\n\nPasswort:\n<input name=\"pw\" size=\"15\" type=\"Password\" \/>\n\nPasswort-Best\u00e4tigung:\n<input name=\"pw-conf\" size=\"15\" type=\"Password\" \/>\n\n<input name=\"Eintragen\" type=\"submit\" \/> \n\n<\/form>\n\n\n--><\/p>\n","protected":false},"excerpt":{"rendered":"<p>Bestellt den BerTA-Newsletter Wenn Ihr regelm\u00e4\u00dfig aktuelle Termine, Nachrichten und Hintergrundinfos rund um das Thema Tierbefreiung in Berlin erhalten wollt, dann k\u00f6nnt Ihr Euch sehr gerne f\u00fcr den BerTA-Newsletter anmelden. Schreibt einfach von der Adresse an die ihr den Newsletter &hellip; <a href=\"https:\/\/berta-online.org\/?page_id=458\">Weiterlesen <span class=\"meta-nav\">&rarr;<\/span><\/a><\/p>\n","protected":false},"author":2,"featured_media":0,"parent":0,"menu_order":70,"comment_status":"closed","ping_status":"closed","template":"","meta":{"footnotes":""},"class_list":["post-458","page","type-page","status-publish","hentry"],"_links":{"self":[{"href":"https:\/\/berta-online.org\/index.php?rest_route=\/wp\/v2\/pages\/458","targetHints":{"allow":["GET"]}}],"collection":[{"href":"https:\/\/berta-online.org\/index.php?rest_route=\/wp\/v2\/pages"}],"about":[{"href":"https:\/\/berta-online.org\/index.php?rest_route=\/wp\/v2\/types\/page"}],"author":[{"embeddable":true,"href":"https:\/\/berta-online.org\/index.php?rest_route=\/wp\/v2\/users\/2"}],"replies":[{"embeddable":true,"href":"https:\/\/berta-online.org\/index.php?rest_route=%2Fwp%2Fv2%2Fcomments&post=458"}],"version-history":[{"count":32,"href":"https:\/\/berta-online.org\/index.php?rest_route=\/wp\/v2\/pages\/458\/revisions"}],"predecessor-version":[{"id":2664,"href":"https:\/\/berta-online.org\/index.php?rest_route=\/wp\/v2\/pages\/458\/revisions\/2664"}],"wp:attachment":[{"href":"https:\/\/berta-online.org\/index.php?rest_route=%2Fwp%2Fv2%2Fmedia&parent=458"}],"curies":[{"name":"wp","href":"https:\/\/api.w.org\/{rel}","templated":true}]}}