{"id":39,"date":"2010-08-27T14:41:16","date_gmt":"2010-08-27T12:41:16","guid":{"rendered":"http:\/\/berta-online.org\/?page_id=39"},"modified":"2010-08-29T17:29:43","modified_gmt":"2010-08-29T15:29:43","slug":"daunen","status":"publish","type":"page","link":"https:\/\/berta-online.org\/?page_id=39","title":{"rendered":"Daunen"},"content":{"rendered":"<div>\n<h2>Daunen<\/h2>\n<p>G\u00e4nsen und Enten werden sowohl lebend als auch tot die Federn vom Leib  gerissen. Als Daunen werden die haupts\u00e4chlich am Bauch befindlichen  W\u00e4rmefedern der V\u00f6gel bezeichnet.<\/p>\n<p>Das erste Mal werden die V\u00f6gel im Alter von ca. 10 \u2013 12 Wochen per Hand  oder mit einer sog. Trockenrupfmaschine gerupft. Sie werden am R\u00fccken  gepackt, ihnen werden die Beine zusammengebunden und anschlie\u00dfend alle  Federn ausgerissen. Sehr oft erleiden sie dabei einen Fl\u00fcgelbruch oder  Sehnenverletzungen.<\/p>\n<p>Diese Tortur wird auch noch dadurch gesteigert, dass die \u201cRupferInnen\u201c  per Akkord bezahlt werden. Zwei- bis f\u00fcnfmal in ihrem kurzen Leben  werden sie dieser Prozedur unterworfen. Sind die geschundenen G\u00e4nse und  Enten f\u00fcr die \u201cRupfung\u201c nicht mehr geeignet, werden sie im Schlachthof  umgebracht.<\/p>\n<p>Es gibt viele alternative Materialien, z.B. Baumwolle, Kapok und verschiedene synthetische Stoffe.<\/p>\n<\/div>\n","protected":false},"excerpt":{"rendered":"<p>Daunen G\u00e4nsen und Enten werden sowohl lebend als auch tot die Federn vom Leib gerissen. Als Daunen werden die haupts\u00e4chlich am Bauch befindlichen W\u00e4rmefedern der V\u00f6gel bezeichnet. Das erste Mal werden die V\u00f6gel im Alter von ca. 10 \u2013 12 &hellip; <a href=\"https:\/\/berta-online.org\/?page_id=39\">Weiterlesen <span class=\"meta-nav\">&rarr;<\/span><\/a><\/p>\n","protected":false},"author":2,"featured_media":0,"parent":16,"menu_order":0,"comment_status":"closed","ping_status":"closed","template":"","meta":{"footnotes":""},"class_list":["post-39","page","type-page","status-publish","hentry"],"_links":{"self":[{"href":"https:\/\/berta-online.org\/index.php?rest_route=\/wp\/v2\/pages\/39","targetHints":{"allow":["GET"]}}],"collection":[{"href":"https:\/\/berta-online.org\/index.php?rest_route=\/wp\/v2\/pages"}],"about":[{"href":"https:\/\/berta-online.org\/index.php?rest_route=\/wp\/v2\/types\/page"}],"author":[{"embeddable":true,"href":"https:\/\/berta-online.org\/index.php?rest_route=\/wp\/v2\/users\/2"}],"replies":[{"embeddable":true,"href":"https:\/\/berta-online.org\/index.php?rest_route=%2Fwp%2Fv2%2Fcomments&post=39"}],"version-history":[{"count":2,"href":"https:\/\/berta-online.org\/index.php?rest_route=\/wp\/v2\/pages\/39\/revisions"}],"predecessor-version":[{"id":125,"href":"https:\/\/berta-online.org\/index.php?rest_route=\/wp\/v2\/pages\/39\/revisions\/125"}],"up":[{"embeddable":true,"href":"https:\/\/berta-online.org\/index.php?rest_route=\/wp\/v2\/pages\/16"}],"wp:attachment":[{"href":"https:\/\/berta-online.org\/index.php?rest_route=%2Fwp%2Fv2%2Fmedia&parent=39"}],"curies":[{"name":"wp","href":"https:\/\/api.w.org\/{rel}","templated":true}]}}