{"id":37,"date":"2010-08-27T14:40:32","date_gmt":"2010-08-27T12:40:32","guid":{"rendered":"http:\/\/berta-online.org\/?page_id=37"},"modified":"2010-08-29T17:29:48","modified_gmt":"2010-08-29T15:29:48","slug":"eier","status":"publish","type":"page","link":"https:\/\/berta-online.org\/?page_id=37","title":{"rendered":"Eier"},"content":{"rendered":"<div>\n<h2>Eier<\/h2>\n<p>Allein in der BRD werden ca. 60 Millionen H\u00fchner f\u00fcr Eier als sogenannte  Legehennen ausgebeutet. Der weitaus gr\u00f6\u00dfte Teil von ihnen \u2013 90% &#8211; wird  daf\u00fcr, nachdem sie das Alter erreicht haben, in dem sie Eier legen  k\u00f6nnen, d.h. Eier legen, in \u201cLegebatterien\u201c gesteckt: 10.000 bis 100.000  Tiere leben in einer Fensterlosen Halle mit \u00fcbereinander stehenden  K\u00e4figreihen. Der Gesamtraum eines K\u00e4figs, erm\u00f6glicht es der Henne nicht,  ihre Fl\u00fcgel auszubreiten, da die Bodenfl\u00e4che lediglich so gro\u00df ist wie  ein DIN A 4 Blatt. Verletzungen und Krankheiten sind an der  Tagesordnung, jedes f\u00fcnfte Tier stirbt an der Gefangenschaft. Die H\u00fchner  versuchen vergeblich, auf dem Drahtboden zu scharren oder ein Staubbad  zu nehmen, sie finden keine Rast und versuchen, aus dem K\u00e4fig, der das  t\u00e4gliche Eierlegen jedes Mal zur Tortur macht, zu entfliehen: Vergeblich  versucht die Henne, das Ei, das auf ein Sammelband rollt, zu sich zu  holen. Es ist ihr gestohlen worden, wird zur Ware, zum Fr\u00fchst\u00fccksei  erkl\u00e4rt. Die H\u00fchner, die hier 12 \u2013 15 Monate \u00fcberlebt haben, werden aus  ihren K\u00e4figen gerissen und mit Lastwagen zum Schlachthof gebracht.<\/p>\n<p>Dass eine Henne ein Ei legt, ist kein Zeichen ihres Wohlbefindens,  sondern beweist lediglich, dass Sie noch nicht tot ist. H\u00fchner sind  dahingehend gez\u00fcchtet worden, alle 30 Stunden ein Ei zu legen, w\u00e4hrend  ihre freien Vorfahren 6-12 Eier im Jahr legten und ausbr\u00fcteten. Der  Belastung dieser biologischen Manipulation ist die Henne nicht  gewachsen, eine Folge ist z.B., dass sie das f\u00fcr Eierschalen notwendige  Kalzium aus ihren Knochen zieht, die schlie\u00dflich brechen.<\/p>\n<p>Das idyllische Bild einer Henne mit ihren K\u00fcken entspricht nicht der  Realit\u00e4t. Die meisten H\u00fchner, auch die sog. \u201cgl\u00fccklichen H\u00fchner\u201c aus der  \u201cFreilandhaltung\u201c, schl\u00fcpfen nicht im Nest ihrer Mutter, sondern in  einem Brutschrank. Die m\u00e4nnlichen H\u00fchner werden gleich am ersten Tag  ihres Lebens als unbrauchbar f\u00fcr die Eierindustrie aussortiert und  zerstampft, erstickt oder zermust: Allein in der BRD Woche f\u00fcr Woche bis  zu 800 000 K\u00fcken. Die weiblichen Tiere werden in Hallen gesperrt. Nach  10 Tagen wird vielen der Schnabel mit einem Messer gek\u00fcrzt, um den  Schaden durch gegenseitiges Federpicken und Kannibalismus, bedingt durch  die qualvolle Enge, in einem profitablen Rahmen zu halten.<\/p>\n<p>Die meisten H\u00fchner, die nicht in sog. Legebatterien gehalten werden,  kommen in die nicht weniger intensive Bodenhaltung. Und das  \u201cgl\u00fccklichste Huhn\u201c wird schlie\u00dflich, wenn sich lebend aus ihm kein  Gewinn mehr holen l\u00e4\u00dft, zum Schlachthof gebracht. Erst wird es an den  F\u00fc\u00dfen aufgeh\u00e4ngt, zur Bet\u00e4ubung mit dem Kopf in ein unter Strom  gesetztes Wasserbad getaucht und anschlie\u00dfend wird der Hals mit einem  Messer aufgeschnitten.<\/p>\n<p>Zwar wird f\u00fcr ein Ei kein Tier unmittelbar, wie z.B. f\u00fcr ein St\u00fcck  Fleisch, umgebracht, aber das zur Ware gemachte Ei beruht auf einem  grausamen System. Dieses l\u00e4\u00dft H\u00fchner nur als \u201ct\u00fcchtige Eierproduzenten\u201c  am Leben &#8211;  d.h. es beruht auf Tiermord \u2013 und verfolgt Interessen die  dem Wohlbefinden der H\u00fchner entgegenstehen. Eier sind kein notwendiger  Bestandteil einer ausgewogenen Ern\u00e4hrung. Essen Sie keine Eier, achten  Sie dabei auch auf Eier in Fertigprodukten.<\/p>\n<\/div>\n","protected":false},"excerpt":{"rendered":"<p>Eier Allein in der BRD werden ca. 60 Millionen H\u00fchner f\u00fcr Eier als sogenannte Legehennen ausgebeutet. Der weitaus gr\u00f6\u00dfte Teil von ihnen \u2013 90% &#8211; wird daf\u00fcr, nachdem sie das Alter erreicht haben, in dem sie Eier legen k\u00f6nnen, d.h. &hellip; <a href=\"https:\/\/berta-online.org\/?page_id=37\">Weiterlesen <span class=\"meta-nav\">&rarr;<\/span><\/a><\/p>\n","protected":false},"author":10,"featured_media":0,"parent":16,"menu_order":0,"comment_status":"closed","ping_status":"closed","template":"","meta":{"footnotes":""},"class_list":["post-37","page","type-page","status-publish","hentry"],"_links":{"self":[{"href":"https:\/\/berta-online.org\/index.php?rest_route=\/wp\/v2\/pages\/37","targetHints":{"allow":["GET"]}}],"collection":[{"href":"https:\/\/berta-online.org\/index.php?rest_route=\/wp\/v2\/pages"}],"about":[{"href":"https:\/\/berta-online.org\/index.php?rest_route=\/wp\/v2\/types\/page"}],"author":[{"embeddable":true,"href":"https:\/\/berta-online.org\/index.php?rest_route=\/wp\/v2\/users\/10"}],"replies":[{"embeddable":true,"href":"https:\/\/berta-online.org\/index.php?rest_route=%2Fwp%2Fv2%2Fcomments&post=37"}],"version-history":[{"count":2,"href":"https:\/\/berta-online.org\/index.php?rest_route=\/wp\/v2\/pages\/37\/revisions"}],"predecessor-version":[{"id":126,"href":"https:\/\/berta-online.org\/index.php?rest_route=\/wp\/v2\/pages\/37\/revisions\/126"}],"up":[{"embeddable":true,"href":"https:\/\/berta-online.org\/index.php?rest_route=\/wp\/v2\/pages\/16"}],"wp:attachment":[{"href":"https:\/\/berta-online.org\/index.php?rest_route=%2Fwp%2Fv2%2Fmedia&parent=37"}],"curies":[{"name":"wp","href":"https:\/\/api.w.org\/{rel}","templated":true}]}}