{"id":315,"date":"2010-08-31T01:00:57","date_gmt":"2010-08-30T23:00:57","guid":{"rendered":"http:\/\/berta-online.org\/?page_id=315"},"modified":"2012-03-02T19:56:13","modified_gmt":"2012-03-02T17:56:13","slug":"2008-proteste-gegen-pelzhandel-bei-maxmara","status":"publish","type":"page","link":"https:\/\/berta-online.org\/?page_id=315","title":{"rendered":"2008: Proteste gegen Pelzhandel bei MaxMara"},"content":{"rendered":"<p><a href=\"http:\/\/berta-online.org\/wp-content\/uploads\/233708.jpg\"><img loading=\"lazy\" decoding=\"async\" class=\"alignleft size-thumbnail wp-image-316\" title=\"233708\" src=\"http:\/\/berta-online.org\/wp-content\/uploads\/233708-150x150.jpg\" alt=\"\" width=\"150\" height=\"150\" \/><\/a>Am vergangenen Samstag, den 22. November  demonstrierten vor der Berliner Filiale von \u201eMaxMara\u201c zwischen 10 und 15  Tierbefreiungsaktivist_innen gegen den Pelzhandel des italienischen  Luxusmodekonzerns.<br \/>\nHintergrund ist der Beginn einer neuen globalen Anti-Pelz-Kampagne. Das italienische Netzwerk <a href=\"http:\/\/campagnaaip.net\/\">AIP &#8211; Attacca l&#8217;industria della pelliccia<\/a> hatte am Wochenende zu globalen Aktionstagen aufgerufen. Die Kampagne  kn\u00fcpft an erfolgreiche Proteste gegen internationale Modekonzerne wie  Karstadt, Zara, Peek &amp; Cloppenburg, Diesel, Stefanel oder Miss Sixty  an.<\/p>\n<p>Aktionsbericht und Hintergrundartikel der <a href=\"http:\/\/www.berta-online.org\/\">Berliner-Tierrechts-Aktion (BerTA)<\/a> (Erstver\u00f6ffentlichung)<\/p>\n<p><!-- end abstract --><\/p>\n<div>\n<p>Kick Off f\u00fcr MaxMara Campaign &#8211; Demonstration in Berlin<\/p>\n<p>Der  internationale Modekonzern MaxMara, mit Sitz in Italien, ist eine der  bedeutensten Marken der Luxusmodeindustrie. F\u00fcr die Kollektionen von  MaxMara, die in 2.300 eigenen Shops und an zahlreiche Mode- und  Warenhauskonzerne verkauft werden, m\u00fcssen jedes Jahr unz\u00e4hlige F\u00fcchse,  Waschb\u00e4ren, Kaninchen und Nerze ihr Leben lassen. Das Fell der  sogenannten Pelztiere wird zu Pelzapplikationen (Kr\u00e4gen u.a.), zu  M\u00fctzen, Schals, sogar ganzen Pelzm\u00e4nteln verarbeitet. Vor diesem  Hintergrund wurde f\u00fcr den 22. November ein globaler Aktionstag  ausgerufen, der gleichzeitig den Beginn der neuen globalen Kampagne <a href=\"http:\/\/maxmaracampaign.net\/\">MaxMara Campaign<\/a> markiert. Nicht nur in \u00fcber 30 St\u00e4dten Italiens, sondern auch in  Deutschland und vielen anderen L\u00e4ndern wurde an diesem Tag gegen den  Pelzhandel der MaxMara-Gruppe demonstriert.<\/p>\n<p>In Berlin beteiligten sich zwischen 10 und 15 Tierbefreier_innen an einer von der <a href=\"http:\/\/www.berta-online.org\/\">Berliner-Tierrechts-Aktion (BerTA)<\/a> organisierten Kundgebung. Mit Bannern, blutverschmierten Pelzm\u00e4nteln  und Flugbl\u00e4ttern wurden Passant_innen und potentielle Kund_innen \u00fcber  die Hintergr\u00fcnde der Pelzindustrie informiert und auf den Pelzhandel bei  MaxMara aufmerksam gemacht. Parolen wie \u201ePelzhandelstop &#8211; MaxMara  Boykott\u201c oder \u201eWir stehen hier das ihr\u00b4s wisst &#8211; bis MaxMara pelzfrei  ist\u201c hallten durch die belebte Friedrichstra\u00dfe in Berlin-Mitte. Die  Gesch\u00e4ftsf\u00fchrung des Unternehmens war sichtlich beunruhigt angesichts  der Demonstrant_innen, die unmittelbar neben dem Eingang des Gesch\u00e4fts  Stellung gegen die Ausbeutung von Tieren bezogen. Bereits im Vorfeld  wurden drei Sicherheitsleute f\u00fcr diesen Tag engagiert. Die Proteste  konnten sie nat\u00fcrlich nicht verhindern.<\/p>\n<p>Der Luxusindustrie geht es an den Kragen &#8211; Kampagnen gegen die Pelzindustrie<\/p>\n<p>Die  Ziele der Tierbefreier_innen sind selbstverst\u00e4ndlich keine gr\u00f6\u00dferen  K\u00e4fige f\u00fcr die so genannten Pelztiere. Mit Kampagnen wollen sie die  Pelzindustrie als eine unter vielen Formen von Tierausbeutung als Ganzes  beenden. Dieses Ziel scheint durchaus realistisch. \u00dcber zielgerichtete  Kampagnen konnte in der Vergangenheit ein enormer Druck auf Unternehmen  der Modeindustrie aufgebaut werden. Zahlreiche Unternehmen gaben den  Druck der Proteste nach und beendeten den Pelzhandel mit fatalen Folgen  f\u00fcr die Pelzproduktion, die seit Jahren \u00fcber sinkende Absatzzahlen  klagt. In Deutschland konnten seit 2001 Kampagnen gegen C&amp;A,  Karstadt und Peek &amp; Cloppenburg erfolgreich beendet werden.  Unternehmen wie Kaufhof oder Gerry Weber beendeten den Pelzhandel gar  bereits nach Ank\u00fcndigung von Protesten durch das Netzwerk \u201eOffensive  gegen die Pelzindustrie\u201c. Seither konzentrieren sich die Proteste gegen  den Luxusmodekonzern Escada. Im Rahmen der <a href=\"http:\/\/de.indymedia.org\/2008\/11\/%E2%80%9Chttp:\/\/antifur-campaign.org%E2%80%9C\">Escada-Campaign<\/a> wurden mehr als 400 Aktionen weltweit durchgef\u00fchrt, zuletzt eine <a href=\"http:\/\/de.indymedia.org\/2008\/11\/%E2%80%9Chttp:\/\/de.indymedia.org\/2008\/11\/233161.shtml%E2%80%9C\">Gro\u00dfdemonstration mit 500 Teilnehmer_innen in Berlin<\/a> am 15.11.2008.<\/p>\n<p>Die  italienischen Tierbefreier_innen beendeten in den vergangenen Jahren  ebenfalls mehere Kampagnen gegen bedeutende Modekonzerne, wie Diesel,  Miss Sixty, Stefanel oder die COIN-Gruppe erfolgreich. MaxMara ist nun  eines der wenigen verbleibenden Unternehmen, die weiterhin mit  Echtpelzwaren handeln. Die Kampagne gegen MaxMara wird solange  weitergef\u00fchrt, bis diese den Pelzhandel einstellen. Mit dem Ausstieg des  Unternehmens w\u00fcrde der sowieso schon stark sinkende Absatz von  Pelzwaren weiter zur\u00fcckgehen und zudem ein Zeichen an die gesamte  Industrie gesetzt, dass wenn es um Pelz geht, die Tierbefreiungsbewegung  den l\u00e4ngeren Atem hat.<\/p>\n<p>Bis kein Tier mehr f\u00fcr &#8218;Pelz&#8216; sterben muss!<\/p>\n<p><strong>Weitere Informationen:<\/strong><\/p>\n<ul>\n<li>MaxMara Campaign &#8211; Kampagnenwebsite (englisch): http:\/\/maxmaracampaign.net<\/li>\n<li>AIP &#8211; Attacca l&#8217;industria della pelliccia (italienisch): http:\/\/campagnaaip.net<\/li>\n<li>Berliner-Tierrechts-Aktion (BerTA): http:\/\/berta-online.org<\/li>\n<\/ul>\n<\/div>\n<div id='gallery-1' class='gallery galleryid-315 gallery-columns-3 gallery-size-thumbnail'><dl class='gallery-item'>\n\t\t\t<dt class='gallery-icon landscape'>\n\t\t\t\t<a href='https:\/\/berta-online.org\/wp-content\/uploads\/233708.jpg'><img loading=\"lazy\" decoding=\"async\" width=\"150\" height=\"150\" src=\"https:\/\/berta-online.org\/wp-content\/uploads\/233708-150x150.jpg\" class=\"attachment-thumbnail size-thumbnail\" alt=\"\" \/><\/a>\n\t\t\t<\/dt><\/dl><dl class='gallery-item'>\n\t\t\t<dt class='gallery-icon portrait'>\n\t\t\t\t<a href='https:\/\/berta-online.org\/wp-content\/uploads\/233709.jpg'><img loading=\"lazy\" decoding=\"async\" width=\"150\" height=\"150\" src=\"https:\/\/berta-online.org\/wp-content\/uploads\/233709-150x150.jpg\" class=\"attachment-thumbnail size-thumbnail\" alt=\"\" \/><\/a>\n\t\t\t<\/dt><\/dl><dl class='gallery-item'>\n\t\t\t<dt class='gallery-icon portrait'>\n\t\t\t\t<a href='https:\/\/berta-online.org\/wp-content\/uploads\/233715.jpg'><img loading=\"lazy\" decoding=\"async\" width=\"150\" height=\"150\" src=\"https:\/\/berta-online.org\/wp-content\/uploads\/233715-150x150.jpg\" class=\"attachment-thumbnail size-thumbnail\" alt=\"\" \/><\/a>\n\t\t\t<\/dt><\/dl><br style=\"clear: both\" \/><dl class='gallery-item'>\n\t\t\t<dt class='gallery-icon landscape'>\n\t\t\t\t<a href='https:\/\/berta-online.org\/wp-content\/uploads\/233710.jpg'><img loading=\"lazy\" decoding=\"async\" width=\"150\" height=\"150\" src=\"https:\/\/berta-online.org\/wp-content\/uploads\/233710-150x150.jpg\" class=\"attachment-thumbnail size-thumbnail\" alt=\"\" \/><\/a>\n\t\t\t<\/dt><\/dl><dl class='gallery-item'>\n\t\t\t<dt class='gallery-icon landscape'>\n\t\t\t\t<a href='https:\/\/berta-online.org\/wp-content\/uploads\/233711.jpg'><img loading=\"lazy\" decoding=\"async\" width=\"150\" height=\"150\" src=\"https:\/\/berta-online.org\/wp-content\/uploads\/233711-150x150.jpg\" class=\"attachment-thumbnail size-thumbnail\" alt=\"\" \/><\/a>\n\t\t\t<\/dt><\/dl><dl class='gallery-item'>\n\t\t\t<dt class='gallery-icon landscape'>\n\t\t\t\t<a href='https:\/\/berta-online.org\/wp-content\/uploads\/233712.jpg'><img loading=\"lazy\" decoding=\"async\" width=\"150\" height=\"150\" src=\"https:\/\/berta-online.org\/wp-content\/uploads\/233712-150x150.jpg\" class=\"attachment-thumbnail size-thumbnail\" alt=\"\" \/><\/a>\n\t\t\t<\/dt><\/dl><br style=\"clear: both\" \/><dl class='gallery-item'>\n\t\t\t<dt class='gallery-icon landscape'>\n\t\t\t\t<a href='https:\/\/berta-online.org\/wp-content\/uploads\/233713.jpg'><img loading=\"lazy\" decoding=\"async\" width=\"150\" height=\"150\" src=\"https:\/\/berta-online.org\/wp-content\/uploads\/233713-150x150.jpg\" class=\"attachment-thumbnail size-thumbnail\" alt=\"\" \/><\/a>\n\t\t\t<\/dt><\/dl>\n\t\t\t<br style='clear: both' \/>\n\t\t<\/div>\n\n","protected":false},"excerpt":{"rendered":"<p>Am vergangenen Samstag, den 22. November demonstrierten vor der Berliner Filiale von \u201eMaxMara\u201c zwischen 10 und 15 Tierbefreiungsaktivist_innen gegen den Pelzhandel des italienischen Luxusmodekonzerns. Hintergrund ist der Beginn einer neuen globalen Anti-Pelz-Kampagne. Das italienische Netzwerk AIP &#8211; Attacca l&#8217;industria della &hellip; <a href=\"https:\/\/berta-online.org\/?page_id=315\">Weiterlesen <span class=\"meta-nav\">&rarr;<\/span><\/a><\/p>\n","protected":false},"author":10,"featured_media":0,"parent":156,"menu_order":0,"comment_status":"closed","ping_status":"closed","template":"","meta":{"footnotes":""},"class_list":["post-315","page","type-page","status-publish","hentry"],"_links":{"self":[{"href":"https:\/\/berta-online.org\/index.php?rest_route=\/wp\/v2\/pages\/315","targetHints":{"allow":["GET"]}}],"collection":[{"href":"https:\/\/berta-online.org\/index.php?rest_route=\/wp\/v2\/pages"}],"about":[{"href":"https:\/\/berta-online.org\/index.php?rest_route=\/wp\/v2\/types\/page"}],"author":[{"embeddable":true,"href":"https:\/\/berta-online.org\/index.php?rest_route=\/wp\/v2\/users\/10"}],"replies":[{"embeddable":true,"href":"https:\/\/berta-online.org\/index.php?rest_route=%2Fwp%2Fv2%2Fcomments&post=315"}],"version-history":[{"count":3,"href":"https:\/\/berta-online.org\/index.php?rest_route=\/wp\/v2\/pages\/315\/revisions"}],"predecessor-version":[{"id":326,"href":"https:\/\/berta-online.org\/index.php?rest_route=\/wp\/v2\/pages\/315\/revisions\/326"}],"up":[{"embeddable":true,"href":"https:\/\/berta-online.org\/index.php?rest_route=\/wp\/v2\/pages\/156"}],"wp:attachment":[{"href":"https:\/\/berta-online.org\/index.php?rest_route=%2Fwp%2Fv2%2Fmedia&parent=315"}],"curies":[{"name":"wp","href":"https:\/\/api.w.org\/{rel}","templated":true}]}}