{"id":309,"date":"2010-08-31T00:54:57","date_gmt":"2010-08-30T22:54:57","guid":{"rendered":"http:\/\/berta-online.org\/?page_id=309"},"modified":"2010-08-31T00:54:57","modified_gmt":"2010-08-30T22:54:57","slug":"2008-animal-liberation-antispe-demo-in-berlin","status":"publish","type":"page","link":"https:\/\/berta-online.org\/?page_id=309","title":{"rendered":"2008: Animal Liberation: Antispe-Demo in Berlin"},"content":{"rendered":"<p><strong>Animal Liberation &#8211; Escada aus dem Pelzhandel kicken!<\/strong><\/p>\n<p><a href=\"http:\/\/berta-online.org\/wp-content\/uploads\/233162.jpg\"><img loading=\"lazy\" decoding=\"async\" class=\"alignleft size-thumbnail wp-image-311\" title=\"233162\" src=\"http:\/\/berta-online.org\/wp-content\/uploads\/233162-150x150.jpg\" alt=\"\" width=\"150\" height=\"150\" \/><\/a>Mehr  als 500 DemonstrantInnen beteiligten sich am 15.11.2008 an der  antispeziesistischen Demonstration in Berlin. Zum einen sollte ein  Zeichen gegen speziesistische Verh\u00e4ltnisse allgemein gesetzt werden, zum  anderen fand die Demonstration im Rahmen der globalen Kampagne gegen  den Pelzhandel des Luxusmodekonzerns ESCADA (<a href=\"http:\/\/www.antifur-campaign.org\/\">Escada-Campaign<\/a>).  Die Demonstration wurde von einer Vielzahl von kreativen Aktionen  begleitet: Eine Sambaband und eine &#8222;radical Cheerleading&#8220;-Aktionsgruppe  begleitete die Demo, zu einem &#8222;Zwischenfall&#8220; kam es als  Jubeldemonstrant_innen versuchten gegen die Demo zu protestieren. Vor  der Filiale des Escada-Konzerns in der Friedrichstra\u00dfe fand zudem eine  Kunstblutaktion statt.<\/p>\n<p>Erstver\u00f6ffentlichung eines Berichtet der <a href=\"http:\/\/www.berta-online.org\/\">Berliner-Tierrechts-Aktion (BerTA)<\/a><\/p>\n<p><!-- end abstract --><strong>\u201eAnimal Liberation \u2013 Escada aus dem Pelzhandel kicken\u201c<\/strong> lautete daher das Motto und so zogen die Demonstrant_innen vom  Alexanderplatz \u00fcber die Karl-Liebknecht-Stra\u00dfe vorbei am Hackeschen  Markt durch die Oranienburger Stra\u00dfe und die Friedrichstra\u00dfe zum Escada  Flagship-Store, wo dem Unmut \u00fcber das Beharren des Konzerns auf dem  Verkauf von \u201ePelzprodukten\u201c lautstark Ausdruck verliehen wurde.<\/p>\n<p>Der  Demozug setzte sich nach einem ersten Redebeitrag zum Thema  Speziesismus am Alexanderplatz in Bewegung. Musikalisch begleitet wurden  die AktivistInnen dabei neben der Beschallung aus dem Lautsprecherwagen  auch von den Trommeln einer Sambaband.<\/p>\n<p>Bei einer  Zwischenkundgebung vor Nordsee und dem Steak-Restaurant Blockhouse wurde  zun\u00e4chst ein Redebeitrag zum Thema Fleisch gehalten. Im Anschluss  sorgte ein \u201e\u00dcberidentifikationsbeitrag\u201c der selbsternannten \u201eTierfeinde  e.V.\u201c zun\u00e4chst f\u00fcr Irritation und schlie\u00dflich f\u00fcr allgemeine Heiterkeit.  Einige Aktivist_innen hatten sich mit Pro-Tierausbeutungs-Schildern als  Gegendemonstrant_innen verkleidet. In einem Redebeitrag pl\u00e4dierten sie  energisch und ironisch f\u00fcr mehr Tierausbeutung \u2013 f\u00fcr Jagd, Vivisektion,  Fleischkonsum und Pelze.<\/p>\n<p>Ernster wurde es bei der letzten  Zwischenkundgebung mit einem Redebeitrag zum Thema Knast und Repression.  Kn\u00e4ste seien das h\u00f6chste Mittel des Staates und des Kapitals zur  Abschreckung aller, die aktiv den bestehenden Verh\u00e4ltnissen  gegen\u00fcbertreten, hie\u00df es dort. Konkret wurde auch auf die aktuelle  Situation der <a href=\"http:\/\/www.antirep2008.tk\/\">Repression in \u00d6sterreich<\/a> hingewiesen. Die breiten Solidarit\u00e4tsbekundungen seien sehr wichtig f\u00fcr  die Inhaftierten gewesen. Soli-Partys und Spenden seien zur Deckung der  Anwaltskosten der betroffenen Aktivist_innen noch immer sehr  willkommen.<\/p>\n<p>Der Demozug zog auf dem weiteren Weg durch die  belebten Einkaufsstra\u00dfen um den Hackeschen Markt und in der  Friedrichstra\u00dfe die Aufmerksamkeit der Passant_innen auf sich, die mit  lautstarken Parolen und Flyern \u00fcber den Sinn und Zweck der Demo  aufgekl\u00e4rt wurden.<\/p>\n<p>Die Endkundgebung durfte schlie\u00dflich nicht  direkt vor dem Escada-Shop abgehalten werden, sondern musste in einer  Seitenstra\u00dfe stattfinden. Die Demo war dennoch lautstark genug, um ihr  Anliegen \u2013 \u201eWir demonstrieren, dass ihr\u2018s wisst, bis Escada pelzfrei  ist\u201c akkustisch bis in den Laden hineinzutragen.Zum Ausklang gab es noch  einen motivierenden Redebeitrag zur <a href=\"http:\/\/www.antifur-campaign.org\/\">Kampagne gegen Escada<\/a> und die Pelzindustrie im Allgemeinen. So, wie die Unternehmen  international agieren, sollten auch die Proteste internationalisiert  werden, bekr\u00e4ftigte der Beitrag. Abschlie\u00dfend zogen eine Kunstblutaktion  mit Pelzen sowie eine \u201eRadical-Cheerleading\u201c-Einlage die Aufmerksamkeit  von Demonstrant_innen und Passant_innen auf sich.<\/p>\n<p>Insgesamt  gestaltete sich die Demo trotz ihrer Dauer von \u00fcber drei Stunden vor  allem aufgrund der verschiedenen kreativen Aktionen recht unterhaltsam.  Die Schar der Demonstrant_innen war etwas bunter als gewohnt. Neben  einer Stelzenl\u00e4uferin, gesellten sich auch K\u00fche und Au\u00dferirdische zu den  Teilnehmenden. So wurde dem Anspruch der Organisator_innen, eine  abwechslungsreiche Demo auf die Beine zu stellen, auf der mehr passiert  als ein kollektives Von-A-nach-B-Laufen durchaus gen\u00fcge getan \u2013 und  Escada wurde einmal mehr nachdr\u00fccklich und lautstark nahegelegt, endlich  aus dem blutigen Pelzhandel auszusteigen.<\/p>\n<p><strong>Weitere Informationen<\/strong><\/p>\n<ul>\n<li>Mobilisierunghomepage zur Demonstration (Bilder im Pressebereich):<br \/>\n<a href=\"http:\/\/www.antispedemo-berlin.tk\/\">www.antispedemo-berlin.tk<\/a><\/li>\n<li>Homepage der Berliner-Tierrechts-Aktion (BerTA):<br \/>\n<a href=\"http:\/\/www.berta-online.org\/\">www.berta-online.org<\/a><\/li>\n<li>Homepage der Escada-Campaign (Kampagne gegen Pelzhandel der ESCADA AG:<br \/>\n<a href=\"http:\/\/www.antifur-campaign.org\/\">www.antifur-campaign.org<\/a><\/li>\n<\/ul>\n<p><strong>Pressebereicht und -meldungen<\/strong><\/p>\n<ul>\n<li>Pressemitteilung der Berliner-Tierrechts-Aktion (BerTA) vom 15.11.2008:<br \/>\n<a href=\"http:\/\/www.berta-online.org\/berta\/PM_500_bei_Demonstration_gegen_Tierausbeutung_am_15.11._in_Berlin.pdf\">500 bei Demonstration gegen Pelzhandel und Tierausbeutung in Berlin (PDF_Download)<\/a><\/li>\n<li>Kurzmitteilung der Berliner Polizei vom 16.11.2008:<br \/>\n<a href=\"http:\/\/www.berlin.de\/polizei\/presse-fahndung\/archiv\/114408\/index.html\">Etwa 400 Teilnehmer beteiligten sich an Aufzug in Mitte,<\/a><\/li>\n<li>Bericht in der tageszeitung (taz) vom 17.11.2008:<br \/>\n<a href=\"http:\/\/www.taz.de\/regional\/berlin\/aktuell\/artikel\/1\/demonstranten-gehen-escada-ans-fell\/\">Demonstranten gehen Escada ans Fell<\/a><\/li>\n<\/ul>\n","protected":false},"excerpt":{"rendered":"<p>Animal Liberation &#8211; Escada aus dem Pelzhandel kicken! Mehr als 500 DemonstrantInnen beteiligten sich am 15.11.2008 an der antispeziesistischen Demonstration in Berlin. Zum einen sollte ein Zeichen gegen speziesistische Verh\u00e4ltnisse allgemein gesetzt werden, zum anderen fand die Demonstration im Rahmen &hellip; <a href=\"https:\/\/berta-online.org\/?page_id=309\">Weiterlesen <span class=\"meta-nav\">&rarr;<\/span><\/a><\/p>\n","protected":false},"author":10,"featured_media":0,"parent":156,"menu_order":0,"comment_status":"closed","ping_status":"closed","template":"","meta":{"footnotes":""},"class_list":["post-309","page","type-page","status-publish","hentry"],"_links":{"self":[{"href":"https:\/\/berta-online.org\/index.php?rest_route=\/wp\/v2\/pages\/309","targetHints":{"allow":["GET"]}}],"collection":[{"href":"https:\/\/berta-online.org\/index.php?rest_route=\/wp\/v2\/pages"}],"about":[{"href":"https:\/\/berta-online.org\/index.php?rest_route=\/wp\/v2\/types\/page"}],"author":[{"embeddable":true,"href":"https:\/\/berta-online.org\/index.php?rest_route=\/wp\/v2\/users\/10"}],"replies":[{"embeddable":true,"href":"https:\/\/berta-online.org\/index.php?rest_route=%2Fwp%2Fv2%2Fcomments&post=309"}],"version-history":[{"count":2,"href":"https:\/\/berta-online.org\/index.php?rest_route=\/wp\/v2\/pages\/309\/revisions"}],"predecessor-version":[{"id":314,"href":"https:\/\/berta-online.org\/index.php?rest_route=\/wp\/v2\/pages\/309\/revisions\/314"}],"up":[{"embeddable":true,"href":"https:\/\/berta-online.org\/index.php?rest_route=\/wp\/v2\/pages\/156"}],"wp:attachment":[{"href":"https:\/\/berta-online.org\/index.php?rest_route=%2Fwp%2Fv2%2Fmedia&parent=309"}],"curies":[{"name":"wp","href":"https:\/\/api.w.org\/{rel}","templated":true}]}}