{"id":295,"date":"2010-08-31T00:33:29","date_gmt":"2010-08-30T22:33:29","guid":{"rendered":"http:\/\/berta-online.org\/?page_id=295"},"modified":"2010-08-31T00:38:32","modified_gmt":"2010-08-30T22:38:32","slug":"aufruf-zur-aktionswoche-gegen-zoos-in-berlin-vom-07-bis-14-juni-2009","status":"publish","type":"page","link":"https:\/\/berta-online.org\/?page_id=295","title":{"rendered":"Aufruf zur Aktionswoche gegen Zoos in Berlin vom 07. bis 14. Juni 2009"},"content":{"rendered":"<h2>Artgerecht ist nur die Freiheit<\/h2>\n<h3>Aufruf zur Aktionswoche gegen Zoos in Berlin vom 07. bis 14. Juni 2009<\/h3>\n<p><strong>F\u00fcr die Woche vom 07.06.-14.06.2009 ruft die Berliner-Tierrechts-Aktion (BerTA) zu einer Aktionswoche gegen Zoos auf. Verschiedene Aktionen und Aktionsformen sollen unserer Forderung nach Beendigung jeder Haltung und Ausbeutung von Tieren in Zoos Ausdruck verleihen. Demonstrationen sind bereits f\u00fcr den 07. und 14. Juni vor dem Zoologischen Garten am Hardenbergplatz geplant (10:30-14 Uhr). Alle Gruppen und Einzelpersonen, die sich ebenfalls nicht blo\u00df f\u00fcr eine Vergr\u00f6\u00dferung der K\u00e4fige einsetzen wollen, sondern sich f\u00fcr die Abschaffung jeder Form der Ausbeutung und Unterdr\u00fcckung engagieren, sind aufgerufen sich mit eigenen Aktionen an der Aktionswoche zu beteiligen.<\/strong><\/p>\n<p><strong>Warum ist es notwendig gegen Zoos zu demonstrieren?<\/strong><\/p>\n<p>Die Mauern, K\u00e4fige und Gitter von Zoos sind Sinnbilder f\u00fcr eine Gesellschaftsform, die auf Ausbeutung, Unterdr\u00fcckung und Unterwerfung aufbaut, in der alles Untertan gemacht wird, was nicht stark genug ist, selbst zu unterwerfen. Die Gitterst\u00e4be der Zoos stehen f\u00fcr die Gef\u00fcgigmachung der Natur und ihrer Auspl\u00fcnderung. Wert hat nicht die Natur an sich oder ihre Bewohner_innen, sondern nur das eingesperrte, gef\u00fcgig gemachte Tier, welches in den Ketten des Menschen liegt. Zum Objekt begieriger Blicke gemacht, fristen unz\u00e4hlige Individuen als Publikumsattraktion ihr Dasein &#8211; zynisch wird dies auch noch oft genug als &#8222;artgerecht&#8220; bezeichnet. Doch welcher Art soll es gerecht sein eingesperrt zu sein? In der Tierbefreiungsbewegung ist deshalb der Spruch &#8222;Artgerecht ist nur die Freiheit&#8220; weit verbreitet. Dies gilt nicht nur f\u00fcr uns Menschen, die wir tagt\u00e4glich gefangen sind in Unterdr\u00fcckungsstrukturen, nein wir sind auch selbst Teil von ihnen. In Bezug auf nichtmenschliche Tiere gilt es das zu Erstreiten, was auch jede_m Menschen zustehen m\u00fcsste: ein selbstbestimmtes Leben, dass nicht von Leid und Ketten gepr\u00e4gt ist.<\/p>\n<p><strong>Warum wir uns jetzt also gerade gegen Zoos wenden hat mehrere Gr\u00fcnde&#8230;<\/strong><\/p>\n<p>Zoos sind ein Sinnbild f\u00fcr die als selbstverst\u00e4ndlich geltende Herrschaft \u00fcber nichtmenschliche Tiere&#8230;und dar\u00fcber hinaus schlicht und ergreifend unn\u00f6tig und \u00fcberfl\u00fcssig. Wenn davon gesprochen wird, dass Zoos zum Artenschutz und Erhalt der nat\u00fcrlichen Vielfalt beitragen, ist das h\u00f6chstens die halbe Wahrheit. Die geknechteten und erniedrigten nichtmenschlichen Tiere repr\u00e4sentieren f\u00fcr Zoos keinen Wert an sich. Als seltene Art begafft jedoch, gelten sie pl\u00f6tzlich als bedeutsam. Diesem Konzept von Artenschutz gilt es entgegen zu treten, denn es orientiert sich nur an einem gedachten Kollektiv und keinen konkreten Lebewesen und ihren Bed\u00fcrfnissen und Interessen. Wer Arten wirklich sch\u00fctzen will, soll die Lebensr\u00e4ume wildlebender Tiere sch\u00e4tzen und nicht fangen, ausstellen und psychischen wie physischen Leiden aussetzen &#8211; denn selbst mit den besten Absichten ist ein Tier hinter Gittern immer ein Tier hinter Gittern. Nicht mehr und nicht weniger.<\/p>\n<p>Zudem sind die nichtmenschlichen Tiere im Zoo zwar auch verschleppte Wildtiere, doch ebenfalls oft Z\u00fcchtungen, die nur noch wenig mehr als das \u00c4u\u00dfere mit ihren wildlebenden Artgenoss_innen gemein haben. Mit gez\u00fcchteten Tierbabys k\u00f6nnen vielleicht Besucher_innen angelockt und Titelseiten von Boulevardbl\u00e4ttern gef\u00fcllt werden &#8211; mehr als das Vorgaukeln von noch existenten Arten ist das aber nicht. Zudem braucht wohl kaum erw\u00e4hnt zu werden, dass das Leben von tierlichen &#8222;Kinderstars&#8220; vom Moment des fehlenden Rampenlichts an, immer trostloser wird und oft genug mit Ermordung und Verf\u00fctterung endet.<\/p>\n<p>Wenn sich Zoos r\u00fchmen sog. Naturgebiete nachhaltig durch Spenden und \u00c3\u201ehnliches zu erhalten, mag das durchaus aufrichtiges Engagement sein &#8211; vielmehr als eine Art Legitimation der eigenen Existenz wird dabei aber auch nicht gewonnen. Zoos sind Mitschuldige an der Pl\u00fcnderung von Wildlandschaften und die Zurschaustellung der Beute wiegt das Engagement in den leergefangenen Gebieten nicht wieder auf &#8211; denn das kann auch unabh\u00e4ngig von Tierausbeutung existieren.<\/p>\n<p>Es reicht nicht nur die Haltungsbedingungen einiger vermeintlich besonders schlimmer Zoos zu skandalisieren, sondern es gilt die Haltung von Tieren als solche in Zoos abzuschaffen. Es muss das gesamte Denken, dass Tiere dem Menschen zur Verf\u00fcgung stehen w\u00fcrden und er_sie mit ihnen machen kann, was sie_er will, angegriffen werden. Zudem gilt es, die Unterdr\u00fcckung von nichtmenschlichen Tieren, dem Raubbau an Naturr\u00c3\u00a4umen und der Ausbeutung von Menschen durch Menschen zur Seite zu stellen und diese Formen der Herrschaft nicht losgel\u00f6st voneinander zu betrachen. In Bezug auf die Ausbeutung nichtmenschlicher Tiere hei\u00dft das ebenfalls anzuprangern, dass es legitim erscheint sie zu Nutz- und Haustieren zu machen, ihr Fleisch zu essen, ihre Milch zu trinken und ihre H\u00c3\u00a4ute zu tragen, sie in Versuchslaboren zu t\u00f6ten oder f\u00fcr Zirkusse zu dressieren. So allumfassend wie die Tierausbeutung sich heute darstellt, so lange wird es dauern sie zu bek\u00e4mpfen. Und doch soll heute ein weiterer Schritt gegangen werden in eine Welt, die sich nicht durch Gewalt und Herrschaft auszeichnet, sondern vielmehr auf der Anerkennung von Verschiedenheit und Solidarit\u00e4t basiert.<\/p>\n<p><strong>F\u00fcr eine Welt ohne K\u00e4fige und Kn\u00e4ste! F\u00fcr Selbstbestimmung! Gegen alle Formen von Ausbeutung und Unterdr\u00fcckung!<\/strong><\/p>\n<p><strong>Berliner-Tierrechts-Aktion (BerTA), Mai 2009<\/strong><\/p>\n","protected":false},"excerpt":{"rendered":"<p>Artgerecht ist nur die Freiheit Aufruf zur Aktionswoche gegen Zoos in Berlin vom 07. bis 14. Juni 2009 F\u00fcr die Woche vom 07.06.-14.06.2009 ruft die Berliner-Tierrechts-Aktion (BerTA) zu einer Aktionswoche gegen Zoos auf. Verschiedene Aktionen und Aktionsformen sollen unserer Forderung &hellip; <a href=\"https:\/\/berta-online.org\/?page_id=295\">Weiterlesen <span class=\"meta-nav\">&rarr;<\/span><\/a><\/p>\n","protected":false},"author":10,"featured_media":0,"parent":293,"menu_order":0,"comment_status":"closed","ping_status":"closed","template":"","meta":{"footnotes":""},"class_list":["post-295","page","type-page","status-publish","hentry"],"_links":{"self":[{"href":"https:\/\/berta-online.org\/index.php?rest_route=\/wp\/v2\/pages\/295","targetHints":{"allow":["GET"]}}],"collection":[{"href":"https:\/\/berta-online.org\/index.php?rest_route=\/wp\/v2\/pages"}],"about":[{"href":"https:\/\/berta-online.org\/index.php?rest_route=\/wp\/v2\/types\/page"}],"author":[{"embeddable":true,"href":"https:\/\/berta-online.org\/index.php?rest_route=\/wp\/v2\/users\/10"}],"replies":[{"embeddable":true,"href":"https:\/\/berta-online.org\/index.php?rest_route=%2Fwp%2Fv2%2Fcomments&post=295"}],"version-history":[{"count":2,"href":"https:\/\/berta-online.org\/index.php?rest_route=\/wp\/v2\/pages\/295\/revisions"}],"predecessor-version":[{"id":302,"href":"https:\/\/berta-online.org\/index.php?rest_route=\/wp\/v2\/pages\/295\/revisions\/302"}],"up":[{"embeddable":true,"href":"https:\/\/berta-online.org\/index.php?rest_route=\/wp\/v2\/pages\/293"}],"wp:attachment":[{"href":"https:\/\/berta-online.org\/index.php?rest_route=%2Fwp%2Fv2%2Fmedia&parent=295"}],"curies":[{"name":"wp","href":"https:\/\/api.w.org\/{rel}","templated":true}]}}