{"id":293,"date":"2010-08-31T00:33:19","date_gmt":"2010-08-30T22:33:19","guid":{"rendered":"http:\/\/berta-online.org\/?page_id=293"},"modified":"2010-08-31T00:37:56","modified_gmt":"2010-08-30T22:37:56","slug":"2009-protestwoche-gegen-zoos-in-berlin","status":"publish","type":"page","link":"https:\/\/berta-online.org\/?page_id=293","title":{"rendered":"2009: Protestwoche gegen Zoos in Berlin"},"content":{"rendered":"<p><a href=\"http:\/\/berta-online.org\/wp-content\/uploads\/252752.jpg\"><img loading=\"lazy\" decoding=\"async\" class=\"alignleft size-thumbnail wp-image-294\" title=\"252752\" src=\"http:\/\/berta-online.org\/wp-content\/uploads\/252752-150x116.jpg\" alt=\"\" width=\"150\" height=\"116\" \/><\/a>Mit einer Kundgebung am 07. Juni wurde eine <strong><a href=\"?page_id=295\">Protestwoche gegen Zoos<\/a><\/strong> in Berlin er\u00f6ffnet. Etwa 15 Aktivist_innen demonstrierten vor den Toren  des Zoologischen Gartens in der Berliner Innenstadt. Die <strong><a href=\"http:\/\/www.berta-online.org\/\">Berliner-Tierbefreiungs-Aktion (BerTA)<\/a><\/strong> hatte zu Protesten unter dem Motto &#8222;Artgerecht ist nur die Freiheit&#8220;  aufgerufen. Im Laufe der Woche sind weitere Aktionen geplant. An dieser  Stelle ein Aktionsbericht zur Kundgebung und Hintergrundinformationen.<\/p>\n<h3>Auftaktkundgebung zur Aktionswoche gegen Zoos in Berlin<\/h3>\n<p>Am Sonntag den 7. Juni 2009 begann die <strong><a href=\"?page_id=295\">Aktionswoche gegen Zoos<\/a><\/strong> in Berlin mit einer mehrst\u00fcndigen Kundgebung vor dem Zoologischen  Garten am Eingang Hardenbergplatz. Zu dieser Aktionswoche vom  07.06.-14.06.2009 rief die <strong><a href=\"http:\/\/www.berta-online.org\/\">Berliner-Tierbefreiungs-Aktion (BerTA)<\/a><\/strong> auf. An der Auftaktkundgebung beteiligten sich ca. 15 AktivistInnen mit  zwei Transparenten und verteilten Informationsbl\u00e4tter an Menschen, die  den Zoo besuchen wollten. Mit Transparenten wie &#8218;Haftanstalten sind  keine Arche Noah&#8216; und &#8218;Nur Freiheit ist Artgerecht&#8216; und  Informationsbl\u00e4ttern haben die Aktivist_innen die Zoo BesucherInnen  darauf aufmerksam gemacht, dass der Zoo auf Ausbeutung, Unterdr\u00fcckung  und Unterwerfung nicht-menschlicher Individuen aufbaut. Die Direktion  des Zoologischen Gartens war \u00fcber die Kundgebung offensichtlich nicht  sehr erfreut. Mehrfach wurden Polizeibeamte angefordert, um die  Kundgerbung zu beenden, was aber nicht gelang. Weiterhin wurde von einem  Mitarbeiter des Zoo versucht Aktivist_innen einzusch\u00fcchtern und das  Verteilen von Informationsmaterial zu behindern. Die Kundgebung wurde  jedoch wie geplant erfolgreich durchgef\u00fchrt.<\/p>\n<h3>Artgerecht ist nur die Freiheit<\/h3>\n<p>Stahlgitter,  Beton und Kacheln bilden die trostlose Umgebung der zur  Bewegungslosigkeit verdammten Tiere im Zoo. Die Folgen dieser Form der  Tierausbeutung sind verhaltensgest\u00f6rte und in den Wahnsinn getriebene  Gesch\u00f6pfe: Frustration, Apathie, Stress und Lethargie machen sich unter  den Tieren breit. In ihren engen Gef\u00e4ngnissen entwickeln die Tiere  stereotype Verhaltensmuster. Sie schaukeln rhythmisch hin und her oder  laufen tagein, tagaus die gleiche Strecke in ihrem K\u00e4fig ab. In der  Europ\u00e4ischen Union gibt es mindestens 1000 Zoos und Tierparks mit einer  Million Tiere. In Deutschland sind es allein 300. Bevor die Tiere  eingeknastet werden k\u00f6nnen, m\u00fcssen sie an ihren &#8222;Hauptfeind&#8220;, den  Menschen, gew\u00f6hnt werden. Mit k\u00f6rperlicher und psychischer Gewalt wird  der Wille der Tiere gebrochen, bevor sie an die Zoos geliefert werden.  Eine Legitimation der Haltung von Tieren in Zoos kann es nicht geben.  Die Bezeichnung der Gefangenschaft von tierlichen Individuen als  \u201eartgerecht\u201c mutet angesichts der tats\u00e4chlichen Lebensbedingungen der  Tiere als Zynismus an.<\/p>\n<h3>Proteste f\u00fcr die Befreiung der Tiere<\/h3>\n<p>Die  Proteste fordern daher die Befreiung der Tiere, nicht nur aus den  K\u00e4figen und Kn\u00e4sten der Zoos, sondern auch aus der ihnen zugewiesenen  Stellung in der Gesellschaft als verwertbare Ressourcen und Objekte  menschlicher Interessen. Es gil daher nicht f\u00fcr gr\u00f6\u00dfere K\u00e4fige, sondern  f\u00fcr die Abschaffung von Zoos in ihrer gegenw\u00e4rtigen Form einzutreten.  Weitere Kundgebungen und Aktionen im Rahmen der Protestwoche folgen am  Samstag 13. Juni 2009 von der <a href=\"http:\/\/www.nandu.net\/\">Tierrechtsorganisation<\/a> und am Sonntag, dem 14. Juni, findet die Abschlusskundgebung ab 10:30 Uhr am Eingang Hardenbergplatz des Berliner Zoos statt.<\/p>\n<h3>Weitere Informationen:<\/h3>\n<p><strong>&#8222;Tierausbeutung ist angreifbar&#8220;<\/strong><br \/>\n<a href=\"http:\/\/www.berta-online.org\/\">Homepage der Berliner-Tierbefreiungs-Aktion (BerTA)<\/a><\/p>\n<p><strong>&#8222;Artgerecht ist nur die Freiheit&#8220;<\/strong><br \/>\n<a href=\"?page_id=295\">Aufruf zur Aktionswoche gegen Zoos<\/a><\/p>\n","protected":false},"excerpt":{"rendered":"<p>Mit einer Kundgebung am 07. Juni wurde eine Protestwoche gegen Zoos in Berlin er\u00f6ffnet. Etwa 15 Aktivist_innen demonstrierten vor den Toren des Zoologischen Gartens in der Berliner Innenstadt. Die Berliner-Tierbefreiungs-Aktion (BerTA) hatte zu Protesten unter dem Motto &#8222;Artgerecht ist nur &hellip; <a href=\"https:\/\/berta-online.org\/?page_id=293\">Weiterlesen <span class=\"meta-nav\">&rarr;<\/span><\/a><\/p>\n","protected":false},"author":10,"featured_media":0,"parent":156,"menu_order":0,"comment_status":"closed","ping_status":"closed","template":"","meta":{"footnotes":""},"class_list":["post-293","page","type-page","status-publish","hentry"],"_links":{"self":[{"href":"https:\/\/berta-online.org\/index.php?rest_route=\/wp\/v2\/pages\/293","targetHints":{"allow":["GET"]}}],"collection":[{"href":"https:\/\/berta-online.org\/index.php?rest_route=\/wp\/v2\/pages"}],"about":[{"href":"https:\/\/berta-online.org\/index.php?rest_route=\/wp\/v2\/types\/page"}],"author":[{"embeddable":true,"href":"https:\/\/berta-online.org\/index.php?rest_route=\/wp\/v2\/users\/10"}],"replies":[{"embeddable":true,"href":"https:\/\/berta-online.org\/index.php?rest_route=%2Fwp%2Fv2%2Fcomments&post=293"}],"version-history":[{"count":4,"href":"https:\/\/berta-online.org\/index.php?rest_route=\/wp\/v2\/pages\/293\/revisions"}],"predecessor-version":[{"id":298,"href":"https:\/\/berta-online.org\/index.php?rest_route=\/wp\/v2\/pages\/293\/revisions\/298"}],"up":[{"embeddable":true,"href":"https:\/\/berta-online.org\/index.php?rest_route=\/wp\/v2\/pages\/156"}],"wp:attachment":[{"href":"https:\/\/berta-online.org\/index.php?rest_route=%2Fwp%2Fv2%2Fmedia&parent=293"}],"curies":[{"name":"wp","href":"https:\/\/api.w.org\/{rel}","templated":true}]}}