{"id":281,"date":"2010-08-31T00:10:55","date_gmt":"2010-08-30T22:10:55","guid":{"rendered":"http:\/\/berta-online.org\/?page_id=281"},"modified":"2010-08-31T00:22:52","modified_gmt":"2010-08-30T22:22:52","slug":"2009-fahrraddemo-gegen-pelzhandel","status":"publish","type":"page","link":"https:\/\/berta-online.org\/?page_id=281","title":{"rendered":"2009: Fahrraddemo gegen Pelzhandel"},"content":{"rendered":"<p><a href=\"http:\/\/berta-online.org\/wp-content\/uploads\/260835.jpg\"><img loading=\"lazy\" decoding=\"async\" class=\"alignleft size-thumbnail wp-image-285\" title=\"260835\" src=\"http:\/\/berta-online.org\/wp-content\/uploads\/260835-150x150.jpg\" alt=\"\" width=\"150\" height=\"150\" \/><\/a>Im Rahmen der <a href=\"http:\/\/offensive-gegen-die-pelzindustrie.net\/wordpress\/2009\/internationale-aktionstage-gegen-den-pelzhandel-von-maxmara-und-escada-im-september\/\">internationaler Aktionswochen gegen den Pelzhandel von Escada und MaxMara<\/a> fand am 12. September 2009, eine Fahrraddemo von Berlin-Charlottenburg  nach Mitte statt. 30 Aktivist_innen beteiligten sich an den Protesten  und forderten das Ende des Pelzhandels der Luxusmodeunternehmen und die  Befreiung der Tiere aus allen Unterdr\u00fcckungsverh\u00e4ltnissen. Organisiert  wurde die Demonstration von der <a href=\"http:\/\/www.berta-online.org\/\">Berliner-Tierrechts-Aktion (BerTA)<\/a>, die f\u00fcr den September zu Anti-Pelz-Aktionswochen in ganz Berlin aufrief.<\/p>\n<p>Eine Gruppe von etwa 30 Menschen traf gegen 12:00 am U-Bahnhof  Adenauerplatz ein. Von dort aus bewegte sich die Fahrraddemonstration  zur ersten Zwischenkundgebung vor die MaxMara-Filiale auf dem  Kurf\u00fcrstendamm. Wie an den weiteren Stopps wurden kr\u00e4ftige und  inhaltsreiche Redebeitr\u00e4ge \u00fcber ein Megaphon an Demontrant_innen und  Passant_innen gerichtet. Darin wurde auch das Anliegen der  Aktivist_innen verdeutlicht, so hie\u00df es in einem Redebeitrag:  \u201eModekonzerne und Pelzgesch\u00e4fte werden aber nicht von sich aus den  Handel mit Echtpelzen beenden. Hierf\u00fcr bedarf es entschiedener Proteste  durch Tierbefreier_innen. Nach erfolgreichen Kampagnen, u.a. gegen  Karstadt, Kaufhof, Peek &amp; Cloppenburg, Miss Sixty und Zara, steht  die Pelzindustrie in Deutschland vor dem Zusammenbruch, die Absatzm\u00e4rkte  schwinden mit jeder gewonnenen Kampagne. Es gilt nun den Forderungen  nach der Abschaffung der Pelzindustrie in der Luxusmodebranche Nachdruck  zu verleihen. Aus diesem Grund konzentrieren sich die Proteste gegen  den ESCADA-Konzern und die MaxMara-Gruppe, bis auch diese den Pelzhandel  beenden.<\/p>\n<p>Die zweite Zwischenkundgebung fand dann auch wenige  Meter weiter gegen\u00fcber einer ESCADA-Sports-Filiale statt. Die  Demonstrant_innen forderten mit aller Deutlichkeit das sofortige Ende  des Handels mit Echtfellprodukten vom deutschen Luxusmodekonzern.  W\u00e4hrend der Fahrt wurden die Teilnehmer immer wieder sehr laut;  bewaffnet mit vielen Parolen, Fahrradklingeln und Trillerpfeifen  verschaffte sich der kleine, aber umso kraftvollere Zug Geh\u00f6r. Viele  Passant_innen blieben verwundert stehen, staunten oder applaudierten  gelegentlich. Auch wenn die Demonstration sich vorrangig gegen die  Pelzindustrie richtete, wurde immer wieder verdeutlicht, dass die Gewalt  gegen die sog. Pelztiere im Zusammenhang mit anderen Praktiken der  Gewalt gegen Tiere steht. Folgerichtig forderten die Aktivist_innen die  Befreiung der Tiere aus allen Unterdr\u00fcckungsverh\u00e4ltnissen.<\/p>\n<p>Weitere  Zwischenkundgebungen gab es noch vor dem Gesch\u00e4ft Pelz L\u00f6sche auf dem  Kurf\u00fcrstendamm und vor einer MaxMara Filiale in der Friedrichsstra\u00dfe.  Der Abschluss fand sich vor dem ESCADA Flagshipstore, welcher sich  ebenfalls in der Friedrichstra\u00dfe befindet. Ein Verlust von  Entschlossenheit war bei den Demontrant_innen jedoch nicht zu  verzeichnen. Es wurde gerufen, gepfiffen und geklingelt, sodass f\u00fcr  einige Zeit alle Aufmerksamkeit auf die Demonstration gerichtet war.<\/p>\n<p>Vor ESCADA warteten bereits Aktivist_innen des <a href=\"http:\/\/www.nandu.net\/\">Tierrechts-Netzwerks &#8218;Nandu&#8216;<\/a>,  die sich als Vertreter einer \u201eGebrauchttierpelz GmbH\u201c ausgaben. Die  Gruppe versuchte schon seit einiger Zeit Passant_innen dazu zu bewegen,  ihre alten Haustiere an diese \u201ePelzfirma\u201c zu verkaufen. Mit dieser  kreativen Aktion wollten die Aktivist_innen auf die Absurdit\u00e4t von  Pelzbekleidung und \u2013handel aufmerksam machen.<\/p>\n<p>Abschlie\u00dfend kann  man sagen, dass die Demonstration sehr gelungen war. Durch die eher  ungew\u00f6hnliche Form der Fahrraddemo gab es viel Aufmerksamkeit und  postive Reaktionen von Seiten der Passant_innen. Es hat weder an Inhalt  noch an Kraft oder Entschlossenheit gemangelt und man kann hoffen, dass  die Aktionswochen weiterhin so erfolgreich verlaufen. F\u00fcr den 19.  September ist zu einer Doppelkundgebung vor den Filialen ESCADAs und  MaxMaras in der Friedrichstra\u00dfe aufgerufen. Am 26. September findet  zudem eine <a href=\"http:\/\/bewegung.taz.de\/termine\/demonstration-gegen-pelzhandel-und-fuer-die-befreiung-der-tiere-durch-die-friedrichstrasse\">Demonstration durch die Friedrichstra\u00dfe<\/a> statt, mit der den Forderungen nach dem Ende des Pelzhandels von ESCADA und MaxMara weiter Nachdruck verliehen werden soll.<\/p>\n<p><strong>Weitere Informationen:<\/strong><\/p>\n<p>Aufruf zu den Protesten, weitere Termine und Hintergrundinformationen auf der Homepage der Berliner-Tierrechts-Aktion (BerTA):<br \/>\n<strong><a href=\"..\/\">www.berta-online.org<\/a><\/strong><\/p>\n<p>Berichte,  Informationen und Hintergr\u00fcnde zu Protesten und Kampagnen gegen die  Pelzindustrie auf der Homepage des Netzwerks &#8218;Offensive gegen die  Pelzindustrie&#8216;:<br \/>\n<strong><a href=\"http:\/\/offensive-gegen-die-pelzindustrie.net\/\">www.offensive-gegen-die-pelzindustrie.net<\/a><\/strong><\/p>\n<p>Aufrufe,  Aktionsberichte, Hintergr\u00fcnde zur globalen Kampagne gegen den  Pelzhandel des Luxusmodeunternehmens ESCADA auf der Homepage der  Escada-Campaign:<br \/>\n<strong><a href=\"http:\/\/antifur-campaign.org\/\">www.antifur-campaign.org<\/a><\/strong><\/p>\n<p>Informationen  zur interantionalen Kampagne gegen den Pelzhandel der MaxMara-Gruppe  auf der Homepage des italienischen Kampagnenb\u00fcndnisses &#8218;Attaca  l&#8217;industria della pellicca&#8216; (englisch):<br \/>\n<strong><a href=\"http:\/\/maxmaracampaign.net\/en\">www.maxmaracampaign.net\/en<\/a><\/strong><\/p>\n<table>\n<tr>\n<td><div id=\"attachment_286\" style=\"width: 160px\" class=\"wp-caption alignnone\"><a href=\"http:\/\/berta-online.org\/wp-content\/uploads\/260836.jpg\"><img loading=\"lazy\" decoding=\"async\" aria-describedby=\"caption-attachment-286\" class=\"size-thumbnail wp-image-286\" title=\"260836\" src=\"http:\/\/berta-online.org\/wp-content\/uploads\/260836-150x150.jpg\" alt=\"Zwischenkundgebung mit Redebeitrag auf dem Kurf\u00fcrstendamm\" width=\"150\" height=\"150\" \/><\/a><p id=\"caption-attachment-286\" class=\"wp-caption-text\">Zwischenkundgebung mit Redebeitrag auf dem Kurf\u00fcrstendamm<\/p><\/div><\/td>\n<td><div id=\"attachment_287\" style=\"width: 160px\" class=\"wp-caption alignnone\"><a href=\"http:\/\/berta-online.org\/wp-content\/uploads\/260837.jpg\"><img loading=\"lazy\" decoding=\"async\" aria-describedby=\"caption-attachment-287\" class=\"size-thumbnail wp-image-287\" title=\"260837\" src=\"http:\/\/berta-online.org\/wp-content\/uploads\/260837-150x150.jpg\" alt=\"Proteste vor einer Filiale des ESCADA-Konzerns in der City West\" width=\"150\" height=\"150\" \/><\/a><p id=\"caption-attachment-287\" class=\"wp-caption-text\">Proteste vor einer Filiale des ESCADA-Konzerns in der City West <\/p><\/div><\/td>\n<\/tr>\n<tr>\n<td><div id=\"attachment_289\" style=\"width: 160px\" class=\"wp-caption alignnone\"><a href=\"http:\/\/berta-online.org\/wp-content\/uploads\/260838.jpg\"><img loading=\"lazy\" decoding=\"async\" aria-describedby=\"caption-attachment-289\" class=\"size-thumbnail wp-image-289\" title=\"260838\" src=\"http:\/\/berta-online.org\/wp-content\/uploads\/260838-150x150.jpg\" alt=\"Die Fahrraddemonstration auf dem Weg zur Friedrichstra\u00dfe\" width=\"150\" height=\"150\" \/><\/a><p id=\"caption-attachment-289\" class=\"wp-caption-text\">Die Fahrraddemonstration auf dem Weg zur Friedrichstra\u00dfe <\/p><\/div><\/td>\n<td><div id=\"attachment_290\" style=\"width: 160px\" class=\"wp-caption alignnone\"><a href=\"http:\/\/berta-online.org\/wp-content\/uploads\/260839.jpg\"><img loading=\"lazy\" decoding=\"async\" aria-describedby=\"caption-attachment-290\" class=\"size-thumbnail wp-image-290\" title=\"260839\" src=\"http:\/\/berta-online.org\/wp-content\/uploads\/260839-150x150.jpg\" alt=\"Die Demonstration vor dem ESCADA-Flagshipstore in der Friedrichstra\u00dfe \" width=\"150\" height=\"150\" \/><\/a><p id=\"caption-attachment-290\" class=\"wp-caption-text\">Die Demonstration vor dem ESCADA-Flagshipstore in der Friedrichstra\u00dfe <\/p><\/div><\/td>\n<\/tr>\n<\/table>\n","protected":false},"excerpt":{"rendered":"<p>Im Rahmen der internationaler Aktionswochen gegen den Pelzhandel von Escada und MaxMara fand am 12. September 2009, eine Fahrraddemo von Berlin-Charlottenburg nach Mitte statt. 30 Aktivist_innen beteiligten sich an den Protesten und forderten das Ende des Pelzhandels der Luxusmodeunternehmen und &hellip; <a href=\"https:\/\/berta-online.org\/?page_id=281\">Weiterlesen <span class=\"meta-nav\">&rarr;<\/span><\/a><\/p>\n","protected":false},"author":10,"featured_media":0,"parent":156,"menu_order":0,"comment_status":"closed","ping_status":"closed","template":"","meta":{"footnotes":""},"class_list":["post-281","page","type-page","status-publish","hentry"],"_links":{"self":[{"href":"https:\/\/berta-online.org\/index.php?rest_route=\/wp\/v2\/pages\/281","targetHints":{"allow":["GET"]}}],"collection":[{"href":"https:\/\/berta-online.org\/index.php?rest_route=\/wp\/v2\/pages"}],"about":[{"href":"https:\/\/berta-online.org\/index.php?rest_route=\/wp\/v2\/types\/page"}],"author":[{"embeddable":true,"href":"https:\/\/berta-online.org\/index.php?rest_route=\/wp\/v2\/users\/10"}],"replies":[{"embeddable":true,"href":"https:\/\/berta-online.org\/index.php?rest_route=%2Fwp%2Fv2%2Fcomments&post=281"}],"version-history":[{"count":4,"href":"https:\/\/berta-online.org\/index.php?rest_route=\/wp\/v2\/pages\/281\/revisions"}],"predecessor-version":[{"id":284,"href":"https:\/\/berta-online.org\/index.php?rest_route=\/wp\/v2\/pages\/281\/revisions\/284"}],"up":[{"embeddable":true,"href":"https:\/\/berta-online.org\/index.php?rest_route=\/wp\/v2\/pages\/156"}],"wp:attachment":[{"href":"https:\/\/berta-online.org\/index.php?rest_route=%2Fwp%2Fv2%2Fmedia&parent=281"}],"curies":[{"name":"wp","href":"https:\/\/api.w.org\/{rel}","templated":true}]}}