{"id":2627,"date":"2014-10-04T00:00:43","date_gmt":"2014-10-03T22:00:43","guid":{"rendered":"http:\/\/berta-online.org\/?page_id=2627"},"modified":"2014-12-15T00:46:36","modified_gmt":"2014-12-14T22:46:36","slug":"from-activist-to-terrorist-veranstaltungsbericht","status":"publish","type":"page","link":"https:\/\/berta-online.org\/?page_id=2627","title":{"rendered":"From Activist to Terrorist &#8211; Veranstaltungsbericht"},"content":{"rendered":"<p><center><br \/>\n<a href=\"http:\/\/berta-online.org\/?page_id=2627\"><img loading=\"lazy\" decoding=\"async\" src=\"http:\/\/berta-online.org\/wp-content\/uploads\/jake-conroy-plakat.png\" alt=\"\" width=\"318\" height=\"450\"\/><\/a><br \/>\n<\/center><\/p>\n<p align=\"justify\">\nWer den Vortrag  verpasst haben sollte, kann sich ein Radiointerview im Anarchist Radio Berlin mit Jake Conroy anh\u00f6ren.\n<\/p>\n<p><a href=\"http:\/\/aradio.blogsport.de\/2014\/12\/06\/libertaerer-podcast-novemberrueckblick-2014\/\" target=\"_blank\">http:\/\/aradio.blogsport.de<\/a><br \/>\n(&#8222;Novemberr\u00fcckblick 2014&#8220;, das Interview beginnt bei Minute 10:35)<\/p>\n<p align=\"justify\">\nAm 29. September 2014 organisierte die Berliner Tierbefreiungsaktion (BerTA) einen Vortrag mit Jake Conroy, einem US-amerikanischen Tierrechtsaktivisten. Jake sprach \u00fcber seine Zeit bei SHAC-USA und die Repressionen, denen die Gruppe ausgesetzt war. Er wurde aufgrund seiner Aktivit\u00e4ten gegen das Tierversuchsauftragslabor Huntington Life Sciences verurteilt und verbrachte 4 Jahre in Gefangenschaft.\n<\/p>\n<p><center><br \/>\n<img loading=\"lazy\" decoding=\"async\" src=\"http:\/\/berta-online.org\/wp-content\/uploads\/conroy01.jpg\" alt=\"\" width=\"480\"  height=\"360\"\/><br \/>\n<\/center><\/p>\n<p align=\"justify\">\nEr erz\u00e4hlte von seinen pers\u00f6nlichen Erfahrungen in zwei unterschiedlichen Gef\u00e4ngnissen und den Umgang der Repressionsbeh\u00f6rden mit ihm. Zum Vortrag, der an der Technischen Universit\u00e4t in Berlin stattfand kamen fast 100 Leute, die auch im Anschluss an den Vortrag noch blieben, um Jake einige Fragen zu stellen, etwas zu essen oder zu schreiben.\n<\/p>\n<p align=\"justify\">\nDie BerTA hatte wie immer einige Snacks gegen Spende dabei, desweiteren hatten wir einen Tisch mit Postkarten, Infos zu aktuell inhaftierten Tierrechtsaktivist_innen und schon fertig frankierten Briefumschl\u00e4gen aufgebaut, um die Anwesenden aufzufordern, den Inhaftierten zu schreiben. Jake machte auch in seinem Vortrag deutlich, wie wichtig es f\u00fcr ihn gewesen war, Post von der Welt au\u00dferhalb des Gef\u00e4ngnisses zu bekommen. Um den Inhaftierten, wie er sagte, ein L\u00e4cheln aufs Gesicht zu zaubern und zu zeigen, dass sie nicht alleine und vergessen sind, wurde noch ein Foto mit den Anwesenden gemacht, das Jake an Gefangene schicken wird.\n<\/p>\n<p><center><br \/>\n<img loading=\"lazy\" decoding=\"async\" src=\"http:\/\/berta-online.org\/wp-content\/uploads\/conroy02.jpg\" alt=\"\" width=\"480\"  height=\"360\"\/><br \/>\n<\/center><\/p>\n<p align=\"justify\">\nNeben der Menge der Anwesenden freuten wir uns auch dar\u00fcber, dass jemand vom anarchistischen Radio Berlin da war, um den Vortrag aufzunehmen und Jake zu interviewen. Auch ein Redakteur der Zeitung \u201cJungle World\u201d war gekommen, um Jake noch einige Fragen zu stellen. Das gro\u00dfe Interesse an der Veranstaltung zeigt, dass es eine gute Entscheidung war, Jake Conroy einzuladen.\n<\/p>\n<p align=\"justify\">\nDass Jake nach Europa kommen und auch in anderen L\u00e4ndern Vortr\u00e4ge halten konnte, ist neben den organisierenden Gruppen vor Ort auch dem Tierrechtstopf 2014 der Stiftung Tiernothilfe zu verdanken, die die Fahrtkosten f\u00fcr den Vortrag in Berlin \u00fcbernommen hat. Wir hoffen, dass wir auch in Zukunft interessante Aktivist_innen f\u00fcr Vortr\u00e4ge einladen k\u00f6nnen. Der (internationale) Erfahrungsaustausch ist f\u00fcr uns spannend und wichtig.\n<\/p>\n<p align=\"justify\">\nDanke an alle, die da waren und uns im Vorfeld bei der Organisation unterst\u00fctzt haben! Ganz besonders bedanken wir uns auch bei Jake f\u00fcr den interessanten und inspirierenden Abend!<\/p>\n","protected":false},"excerpt":{"rendered":"<p>Wer den Vortrag verpasst haben sollte, kann sich ein Radiointerview im Anarchist Radio Berlin mit Jake Conroy anh\u00f6ren. http:\/\/aradio.blogsport.de (&#8222;Novemberr\u00fcckblick 2014&#8220;, das Interview beginnt bei Minute 10:35) Am 29. September 2014 organisierte die Berliner Tierbefreiungsaktion (BerTA) einen Vortrag mit Jake &hellip; <a href=\"https:\/\/berta-online.org\/?page_id=2627\">Weiterlesen <span class=\"meta-nav\">&rarr;<\/span><\/a><\/p>\n","protected":false},"author":10,"featured_media":0,"parent":0,"menu_order":0,"comment_status":"closed","ping_status":"open","template":"","meta":{"footnotes":""},"class_list":["post-2627","page","type-page","status-publish","hentry"],"_links":{"self":[{"href":"https:\/\/berta-online.org\/index.php?rest_route=\/wp\/v2\/pages\/2627","targetHints":{"allow":["GET"]}}],"collection":[{"href":"https:\/\/berta-online.org\/index.php?rest_route=\/wp\/v2\/pages"}],"about":[{"href":"https:\/\/berta-online.org\/index.php?rest_route=\/wp\/v2\/types\/page"}],"author":[{"embeddable":true,"href":"https:\/\/berta-online.org\/index.php?rest_route=\/wp\/v2\/users\/10"}],"replies":[{"embeddable":true,"href":"https:\/\/berta-online.org\/index.php?rest_route=%2Fwp%2Fv2%2Fcomments&post=2627"}],"version-history":[{"count":15,"href":"https:\/\/berta-online.org\/index.php?rest_route=\/wp\/v2\/pages\/2627\/revisions"}],"predecessor-version":[{"id":2714,"href":"https:\/\/berta-online.org\/index.php?rest_route=\/wp\/v2\/pages\/2627\/revisions\/2714"}],"wp:attachment":[{"href":"https:\/\/berta-online.org\/index.php?rest_route=%2Fwp%2Fv2%2Fmedia&parent=2627"}],"curies":[{"name":"wp","href":"https:\/\/api.w.org\/{rel}","templated":true}]}}