{"id":2472,"date":"2014-05-25T18:58:39","date_gmt":"2014-05-25T16:58:39","guid":{"rendered":"http:\/\/berta-online.org\/?page_id=2472"},"modified":"2014-05-26T16:06:35","modified_gmt":"2014-05-26T14:06:35","slug":"2472-2","status":"publish","type":"page","link":"https:\/\/berta-online.org\/?page_id=2472","title":{"rendered":"Aktionstag gegen Pelz bei Anson&#8217;s"},"content":{"rendered":"<p align=\"justify\">\nAm 24. Mai 2014 protestierten in Berlin 25 Menschen gegen das M\u00e4nnermodeunternehmen ANSON\u00b4s. Hintergrund war der Aufruf der Offensive gegen die Pelzindustrie (Ogpi) zu Protesten, nachdem das Unternehmen in der Vergangenheit immer wieder Waren mit Pelzbesatz verkaufte, diese nach Protesten aus dem Sortiment nahm, sich befristet pelzfrei erkl\u00e4rte und dann in der n\u00e4chsten Saison wieder Pelz in den Regalen hatte. Nachdem beim Pelzcheck 2013\/14 wieder Pelz bei ANSON\u00b4s entdeckt wurde, reagierte das Unternehmen nicht mehr auf Anfragen durch die Ogpi. Zwei Tage vor den Aktionstagen und nach vielen Protesten im Internet und telefonisch, reagierte das Unternehmen und versprach, 2014 keine Pelzwaren einzukaufen.  Doch das ist nicht genug! Die Aktivist_innen in Berlin forderten einen unbefristeten Ausstieg aus dem Pelzhandel. Zwei Stunden lang informierten sie die Passant_innen \u00fcber die Hintergr\u00fcnde der Pelzindustrie mit Flyern, Transparenten, Bildern und Texten. Auch die skandierten Spr\u00fcche, wie z.B. &#8222;Sie haben gelebt, geatmet so wie wir, Pelz ist ein St\u00fcck ermordetes Tier&#8220; und &#8222;Anson\u00b4s ist schuldig, Anson\u00b4s macht mit, auf Kosten der Tiere ein Mordsprofit&#8220; sollten die Kund_innen und Passant_innen dar\u00fcber aufkl\u00e4ren, dass Pelz nicht auf B\u00e4umen w\u00e4chst und ANSON\u00b4s f\u00fcr die Mode morden l\u00e4sst.\n<\/p>\n<p align=\"justify\">\nAnscheinend sind auch andere Menschen nicht mit der aktuellen Gesch\u00e4ftspolitik des Unternehmens einverstanden. Der Haupteingang war aufgrund eines Fluss\u00e4ureanschlags verschlossen. Dementsprechend nerv\u00f6s war der diensthabende Polizist vor Ort, dem versprochen werden musste, dass, falls die Kundgebung zu einem 50-Leute-Mob werden w\u00fcrde, die Kundgebung um die Ecke zum FDP Stand wechseln w\u00fcrde. Die Stimmung blieb jedoch ruhig, neben den \u00fcblichen Spr\u00fcchen wie &#8222;Geht doch arbeiten&#8220;, &#8222;macht was f\u00fcr Menschenrechte&#8220; und &#8222;ihr spinnt&#8220;, gab es auch viele positive R\u00fcckmeldungen und Daumen dr\u00fccken, dass die Proteste zum gew\u00fcnschten Erfolg f\u00fchren werden und sich das &#8222;alte, leidige Thema Pelz&#8220; endlich erledigt h\u00e4tte.\n<\/p>\n<p align=\"justify\">\nDie Berliner Tierbefreiungsaktion freut sich, dass so viele Menschen zusammen gekommen sind, um ANSON\u00b4s deutlich zu machen, dass die Hinhaltetaktik nicht funktioniert! Wir fordern ANSON\u00b4s auf, Pelz unbefristet aus dem Sortiment zu nehmen! Tiere sind keine Ware!\n<\/p>\n<p><a align=\"center\"><br \/>\n<img decoding=\"async\" src=\"http:\/\/berta-online.org\/wp-content\/uploads\/Ansons1.jpg\" alt=\"\" width=550 height=299\/><br \/>\n<\/a><br \/>\n<a align=\"center\"><br \/>\n<img decoding=\"async\" src=\"http:\/\/berta-online.org\/wp-content\/uploads\/ansons3.jpg\" alt= ee\"\" width=550 height=467\/><br \/>\n<\/a><\/p>\n","protected":false},"excerpt":{"rendered":"<p>Am 24. Mai 2014 protestierten in Berlin 25 Menschen gegen das M\u00e4nnermodeunternehmen ANSON\u00b4s. Hintergrund war der Aufruf der Offensive gegen die Pelzindustrie (Ogpi) zu Protesten, nachdem das Unternehmen in der Vergangenheit immer wieder Waren mit Pelzbesatz verkaufte, diese nach Protesten &hellip; <a href=\"https:\/\/berta-online.org\/?page_id=2472\">Weiterlesen <span class=\"meta-nav\">&rarr;<\/span><\/a><\/p>\n","protected":false},"author":10,"featured_media":0,"parent":0,"menu_order":0,"comment_status":"closed","ping_status":"open","template":"","meta":{"footnotes":""},"class_list":["post-2472","page","type-page","status-publish","hentry"],"_links":{"self":[{"href":"https:\/\/berta-online.org\/index.php?rest_route=\/wp\/v2\/pages\/2472","targetHints":{"allow":["GET"]}}],"collection":[{"href":"https:\/\/berta-online.org\/index.php?rest_route=\/wp\/v2\/pages"}],"about":[{"href":"https:\/\/berta-online.org\/index.php?rest_route=\/wp\/v2\/types\/page"}],"author":[{"embeddable":true,"href":"https:\/\/berta-online.org\/index.php?rest_route=\/wp\/v2\/users\/10"}],"replies":[{"embeddable":true,"href":"https:\/\/berta-online.org\/index.php?rest_route=%2Fwp%2Fv2%2Fcomments&post=2472"}],"version-history":[{"count":13,"href":"https:\/\/berta-online.org\/index.php?rest_route=\/wp\/v2\/pages\/2472\/revisions"}],"predecessor-version":[{"id":2485,"href":"https:\/\/berta-online.org\/index.php?rest_route=\/wp\/v2\/pages\/2472\/revisions\/2485"}],"wp:attachment":[{"href":"https:\/\/berta-online.org\/index.php?rest_route=%2Fwp%2Fv2%2Fmedia&parent=2472"}],"curies":[{"name":"wp","href":"https:\/\/api.w.org\/{rel}","templated":true}]}}