{"id":195,"date":"2010-08-30T00:56:11","date_gmt":"2010-08-29T22:56:11","guid":{"rendered":"http:\/\/berta-online.org\/?page_id=195"},"modified":"2010-08-30T01:01:19","modified_gmt":"2010-08-29T23:01:19","slug":"jagdsabotage-in-beesdau-am-20-11-1999","status":"publish","type":"page","link":"https:\/\/berta-online.org\/?page_id=195","title":{"rendered":"Jagdsabotage in Beesdau am 20.11.1999"},"content":{"rendered":"<p><a href=\"http:\/\/berta-online.org\/wp-content\/uploads\/1999jagdsabo.jpg\"><img loading=\"lazy\" decoding=\"async\" class=\"size-medium wp-image-198 alignleft\" title=\"1999jagdsabo\" src=\"http:\/\/berta-online.org\/wp-content\/uploads\/1999jagdsabo-300x196.jpg\" alt=\"\" width=\"300\" height=\"196\" srcset=\"https:\/\/berta-online.org\/wp-content\/uploads\/1999jagdsabo-300x196.jpg 300w, https:\/\/berta-online.org\/wp-content\/uploads\/1999jagdsabo.jpg 580w\" sizes=\"auto, (max-width: 300px) 100vw, 300px\" \/><\/a>Am 20.11.1999 sabotierten AktivistInnen der Berliner-Tierrechts-Aktion zusammen mit anderen TierrechtlerInnen eine Treibjagd auf Wildschweine in Beesdau (Brandenburg).<br \/>\nObwohl es den J\u00e4gern gelang einen Fuchs zu ermorden, konnte der erste Teil der Jagd erfolgreich gest\u00f6rt werden. Die von den J\u00e4gern alarmierte Polizei stellte von vermeintlichen Jagdst\u00f6rerInnen die Personalien fest und erteilte Platzverbot. Aufgrund der Polizeipr\u00e4senz konnte der zweite Teil der Jagd nicht mehr gest\u00f6rt werden.<\/p>\n","protected":false},"excerpt":{"rendered":"<p>Am 20.11.1999 sabotierten AktivistInnen der Berliner-Tierrechts-Aktion zusammen mit anderen TierrechtlerInnen eine Treibjagd auf Wildschweine in Beesdau (Brandenburg). Obwohl es den J\u00e4gern gelang einen Fuchs zu ermorden, konnte der erste Teil der Jagd erfolgreich gest\u00f6rt werden. Die von den J\u00e4gern alarmierte &hellip; <a href=\"https:\/\/berta-online.org\/?page_id=195\">Weiterlesen <span class=\"meta-nav\">&rarr;<\/span><\/a><\/p>\n","protected":false},"author":10,"featured_media":0,"parent":156,"menu_order":0,"comment_status":"closed","ping_status":"open","template":"","meta":{"footnotes":""},"class_list":["post-195","page","type-page","status-publish","hentry"],"_links":{"self":[{"href":"https:\/\/berta-online.org\/index.php?rest_route=\/wp\/v2\/pages\/195","targetHints":{"allow":["GET"]}}],"collection":[{"href":"https:\/\/berta-online.org\/index.php?rest_route=\/wp\/v2\/pages"}],"about":[{"href":"https:\/\/berta-online.org\/index.php?rest_route=\/wp\/v2\/types\/page"}],"author":[{"embeddable":true,"href":"https:\/\/berta-online.org\/index.php?rest_route=\/wp\/v2\/users\/10"}],"replies":[{"embeddable":true,"href":"https:\/\/berta-online.org\/index.php?rest_route=%2Fwp%2Fv2%2Fcomments&post=195"}],"version-history":[{"count":5,"href":"https:\/\/berta-online.org\/index.php?rest_route=\/wp\/v2\/pages\/195\/revisions"}],"predecessor-version":[{"id":201,"href":"https:\/\/berta-online.org\/index.php?rest_route=\/wp\/v2\/pages\/195\/revisions\/201"}],"up":[{"embeddable":true,"href":"https:\/\/berta-online.org\/index.php?rest_route=\/wp\/v2\/pages\/156"}],"wp:attachment":[{"href":"https:\/\/berta-online.org\/index.php?rest_route=%2Fwp%2Fv2%2Fmedia&parent=195"}],"curies":[{"name":"wp","href":"https:\/\/api.w.org\/{rel}","templated":true}]}}