{"id":172,"date":"2010-08-30T00:41:59","date_gmt":"2010-08-29T22:41:59","guid":{"rendered":"http:\/\/berta-online.org\/?page_id=172"},"modified":"2010-08-30T00:45:00","modified_gmt":"2010-08-29T22:45:00","slug":"1998-anti-konsum-demo-16-05-1998","status":"publish","type":"page","link":"https:\/\/berta-online.org\/?page_id=172","title":{"rendered":"1998: Anti-Konsum-Demo 16.05.1998"},"content":{"rendered":"<div id=\"attachment_183\" style=\"width: 310px\" class=\"wp-caption alignleft\"><a href=\"http:\/\/berta-online.org\/wp-content\/uploads\/1998antikonsum.jpg\"><img loading=\"lazy\" decoding=\"async\" aria-describedby=\"caption-attachment-183\" class=\"size-full wp-image-183\" title=\"1998antikonsum\" src=\"http:\/\/berta-online.org\/wp-content\/uploads\/1998antikonsum.jpg\" alt=\"Anti-Konsum-Demo (Foto: Hendrik)\" width=\"300\" height=\"189\" \/><\/a><p id=\"caption-attachment-183\" class=\"wp-caption-text\">Anti-Konsum-Demo (Foto: Hendrik)<\/p><\/div>\n<p>Am 16.05.1998 fand in Berlin eine von BerTA organisierte Tierrechtsdemo statt.<br \/>\nEin lautstarker Demozug schl\u00e4ngelte sich durch die Berliner City und machte vor mehreren Einrichtungen halt, um mit Redebeitr\u00e4gen auf deren Tierausbeutung aufmerksam zu machen. Zwischenkundgebungen gab es u.a. vor Pelz-L\u00f6sche, McDonald&#8217;s, dem Zoo und einer Douglas-Filiale.<\/p>\n","protected":false},"excerpt":{"rendered":"<p>Am 16.05.1998 fand in Berlin eine von BerTA organisierte Tierrechtsdemo statt. Ein lautstarker Demozug schl\u00e4ngelte sich durch die Berliner City und machte vor mehreren Einrichtungen halt, um mit Redebeitr\u00e4gen auf deren Tierausbeutung aufmerksam zu machen. Zwischenkundgebungen gab es u.a. vor &hellip; <a href=\"https:\/\/berta-online.org\/?page_id=172\">Weiterlesen <span class=\"meta-nav\">&rarr;<\/span><\/a><\/p>\n","protected":false},"author":10,"featured_media":0,"parent":156,"menu_order":0,"comment_status":"closed","ping_status":"closed","template":"","meta":{"footnotes":""},"class_list":["post-172","page","type-page","status-publish","hentry"],"_links":{"self":[{"href":"https:\/\/berta-online.org\/index.php?rest_route=\/wp\/v2\/pages\/172","targetHints":{"allow":["GET"]}}],"collection":[{"href":"https:\/\/berta-online.org\/index.php?rest_route=\/wp\/v2\/pages"}],"about":[{"href":"https:\/\/berta-online.org\/index.php?rest_route=\/wp\/v2\/types\/page"}],"author":[{"embeddable":true,"href":"https:\/\/berta-online.org\/index.php?rest_route=\/wp\/v2\/users\/10"}],"replies":[{"embeddable":true,"href":"https:\/\/berta-online.org\/index.php?rest_route=%2Fwp%2Fv2%2Fcomments&post=172"}],"version-history":[{"count":4,"href":"https:\/\/berta-online.org\/index.php?rest_route=\/wp\/v2\/pages\/172\/revisions"}],"predecessor-version":[{"id":185,"href":"https:\/\/berta-online.org\/index.php?rest_route=\/wp\/v2\/pages\/172\/revisions\/185"}],"up":[{"embeddable":true,"href":"https:\/\/berta-online.org\/index.php?rest_route=\/wp\/v2\/pages\/156"}],"wp:attachment":[{"href":"https:\/\/berta-online.org\/index.php?rest_route=%2Fwp%2Fv2%2Fmedia&parent=172"}],"curies":[{"name":"wp","href":"https:\/\/api.w.org\/{rel}","templated":true}]}}