{"id":16,"date":"2010-08-27T14:22:09","date_gmt":"2010-08-27T12:22:09","guid":{"rendered":"http:\/\/berta-online.org\/?page_id=16"},"modified":"2013-05-03T21:27:08","modified_gmt":"2013-05-03T19:27:08","slug":"texte","status":"publish","type":"page","link":"https:\/\/berta-online.org\/?page_id=16","title":{"rendered":"Texte"},"content":{"rendered":"<div class=\"text\">\n<h4><strong>Tierbefreiungsgedanke<\/strong><\/h4>\n<p><em>Antispegruppe Leipzig<\/em><br \/>\n<a href=\"http:\/\/berta-online.org\/?page_id=17\">Animal Liberation: Was will die Tierbefreiungsbewegung?<\/a><\/p>\n<p><em>Sebastian Schubert, Berliner-Tierrechts-Aktion (BerTA)<\/em><br \/>\n<a href=\"http:\/\/berta-online.org\/?page_id=21\">Until Every Cage Is Empty -Einf\u00fchrung in den Tierbefreiungsgedanken<\/a><\/p>\n<h4><strong><br \/>\nSpeziesismus<\/strong><\/h4>\n<p><em>Stefan Seidel, Antispegruppe Leipzig<\/em><br \/>\n<a href=\"http:\/\/berta-online.org\/?page_id=24\">Verachtet, geschlachtet und vergessen &#8211; \u00dcber den Umgang mit Tieren in unserer Gesellschaft<\/a><\/p>\n<p><em>Basisgruppe Tierrechte (BaT)<\/em><br \/>\n<a href=\"http:\/\/berta-online.org\/?page_id=26\">Zweckgebunden produziert &#8211; entindividualisiert &#8211; transformiert in tote Ware.<\/a><\/p>\n<p><em>Susi Harringer<\/em><br \/>\n<a href=\"http:\/\/berta-online.org\/?page_id=28\">&#8222;Wild und f\u00fcrsorglich&#8220; &#8211; \u00dcber Brian Lukes Vorschl\u00e4ge zu einer nichtpatriarchalen Tierbefreiungsethik<\/a><\/p>\n<p><em>Susann Witt-Stahl, Tierrechts Aktion Nord (TAN)<\/em><br \/>\n<a href=\"http:\/\/berta-online.org\/?page_id=31\">\u201eUnd sie strampeln um ihr Leben\u201c &#8211; Das Motiv des Schlachtens in der Literatur<\/a><\/p>\n<h4><strong><br \/>\nTierausbeutung<\/strong><\/h4>\n<p><em>Berliner Tierrechtsaktion<\/em><br \/>\n<a href=\"http:\/\/berta-online.org\/?page_id=33\">Fleisch ein St\u00fcck Lebenskraft?<\/a><\/p>\n<p><em>Berliner-Tierrechts-Aktion (BerTA)<\/em><br \/>\n<a href=\"http:\/\/berta-online.org\/?page_id=35\">Informationen \u00fcber Milch<\/a><\/p>\n<p><em>Berliner-Tierrechts-Aktion (BerTA)<\/em><br \/>\n<a href=\"http:\/\/berta-online.org\/?page_id=37\">Informationen \u00fcber Eier<\/a><\/p>\n<p><em>Berliner-Tierrechts-Aktion (BerTA)<\/em><br \/>\n<a href=\"http:\/\/berta-online.org\/?page_id=39\">Informationen \u00fcber Daunen<\/a><\/p>\n<p><em>Autonome Tierbefreiungsaktion Hannover (ATAH)<\/em><br \/>\n<a href=\"http:\/\/berta-online.org\/?page_id=41\">Abriss der geschichtlichen Entwicklung der Jagd von fr\u00fcher bis heute <\/a><\/p>\n<h4><strong><br \/>\nPraxis<\/strong><\/h4>\n<p><em>Tom Godwin<\/em><br \/>\n<a href=\"http:\/\/berta-online.org\/?page_id=43\">Die britische Anti-Pelz-Bewegung seit den 80ern &#8211; Eine beispiellose Erfolgsstory aus England <\/a><\/p>\n<h4><strong><br \/>\nRepression<\/strong><\/h4>\n<p><em>Berliner-Tierrechts-Aktion (BerTA)<\/em><br \/>\n<a href=\"http:\/\/berta-online.org\/?page_id=46\">Risiken und Nebenwirkungen &#8211; Ein Antirepressionstext<\/a><\/p>\n<p><em>Anarchist Black Cross (ABC)<\/em><br \/>\n<a href=\"http:\/\/berta-online.org\/?page_id=48\">Wie schreibe ich einem politischen Gefangenen<\/a><\/p>\n<p><em>Berliner-Tierrechts-Aktion, Rote Hilfe (Berlin), Netzwerk Freiheit f\u00fcr alle politischen Gefangenen (Berlin)<\/em><br \/>\n<a href=\"http:\/\/berta-online.org\/?page_id=50\">Unsere Solidarit\u00e4t kennt keine Grenzen &#8211; Aufruf zur Infoveranstaltung am 14.02.2009 zu den \u00a7129-Verfahren in Deutschland und \u00a7278a-Verfahren gegen die Tierbefreiungsbewegung in \u00d6sterreich<\/a><\/p>\n<h4><strong><br \/>\nDebatte<\/strong><\/h4>\n<p><em>Berliner-Tierrechts-Aktion (BerTA)<\/em><br \/>\n<a href=\"http:\/\/berta-online.org\/?page_id=52\">Distanzierung von der Sekte &#8222;Universelles Leben&#8220;<\/a><\/p>\n<p><em>Berliner-Tierrechts-Aktion (BerTA)<\/em><br \/>\n<a href=\"http:\/\/berta-online.org\/?page_id=54\">Offener Brief an A.K.T.E. bez\u00fcglich ihrer Mahnwache vor der Gedenkst\u00e4tte Dachau<\/a><\/p>\n<p><em>Yetzt<\/em><br \/>\n<a href=\"http:\/\/berta-online.org\/?page_id=56\">Rechte f\u00fcr Tiere? Neonazis suchen Schulterschluss mit der  Tierbefreiungsbewegung<\/a><\/p>\n<p><em>Berliner Organisator_innen der Demonstration &#8222;Animal Liberation&#8220; vom 15.11.2008<\/em><br \/>\n<a href=\"http:\/\/berta-online.org\/?page_id=58\">Offener Brief zu den Instrumentalisierungsversuchen von Neonazis<br \/>\n<\/a><\/p>\n<h4><strong><br \/>\nAndere<\/strong><\/h4>\n<p><em>Berliner-Tierbefreiungs-Aktion (BerTA)<\/em><br \/>\n<a href=\"http:\/\/berta-online.org\/?page_id=60\">Tierbefreiung statt Tierrechte &#8211; eine politische Begr\u00fcndung der Umbenennung der BerTA &#8211; 15. Mai 2010<\/a><\/p>\n<p><em>Berliner-Tierbefreiungs-Aktion (BerTA)<\/em><br \/>\n<a href=\"http:\/\/berta-online.org\/?page_id=62\">Die Dinge beim Namen nennen &#8211; Ein Interview zur Umbenennung der BerTA &#8211; 15. Mai 2010<\/a><\/p>\n<p><em>Berliner-Tierrechts-Aktion (BerTA)<\/em><br \/>\n<a href=\"http:\/\/berta-online.org\/?page_id=64\">Tierausbeutung ist Angreifbar &#8211; Redebeitrag zum HipHop Solikonzert am 25.08.2006 in Berlin<\/a><\/p>\n<p><em>Berliner-Tierrechts-Aktion (BerTA)<\/em><br \/>\n<a href=\"http:\/\/berta-online.org\/?page_id=66\">Redebeitrag der Berliner-Tierrechts-Aktion bei der Demonstration gegen die Messe \u201eReiten, Jagen, Fischen\u201c, M\u00e4rz 2008<\/a><\/p>\n<p><em>Vorbereitungsgruppe der Veranstaltungsreihe &#8222;Befreiung h\u00f6rt nicht<br \/>\nbeim Menschen auf&#8220;<\/em><br \/>\n<a href=\"http:\/\/berta-online.org\/?page_id=69\">Nachbetrachtung zur Veranstaltungsreihe &#8222;Befreiung h\u00f6rt nicht beim Menschen auf&#8220; in Berlin.<\/a><\/p>\n<p><em>Berliner-Tierrechts-Aktion (BerTA)<\/em><br \/>\n<a href=\"http:\/\/berta-online.org\/?page_id=71\">Artgerecht ist nur die Freiheit &#8211; Aufruf zur Aktionswoche gegen Zoos in Berlin vom 07. bis 14. Juni 2009<\/a><\/p>\n<p><em>Berliner-Tierrechts-Aktion (BerTA)<\/em><br \/>\n<a href=\"http:\/\/berta-online.org\/?page_id=73\">Tierausbeutung ist Angreifbar &#8211; Aufruf zu Berliner Aktionstagen gegen den Pelzhandel von MaxMara und Escada im September 2009<\/a><\/p>\n<\/div>\n","protected":false},"excerpt":{"rendered":"<p>Tierbefreiungsgedanke Antispegruppe Leipzig Animal Liberation: Was will die Tierbefreiungsbewegung? Sebastian Schubert, Berliner-Tierrechts-Aktion (BerTA) Until Every Cage Is Empty -Einf\u00fchrung in den Tierbefreiungsgedanken Speziesismus Stefan Seidel, Antispegruppe Leipzig Verachtet, geschlachtet und vergessen &#8211; \u00dcber den Umgang mit Tieren in unserer Gesellschaft &hellip; <a href=\"https:\/\/berta-online.org\/?page_id=16\">Weiterlesen <span class=\"meta-nav\">&rarr;<\/span><\/a><\/p>\n","protected":false},"author":10,"featured_media":0,"parent":156,"menu_order":50,"comment_status":"closed","ping_status":"closed","template":"","meta":{"footnotes":""},"class_list":["post-16","page","type-page","status-publish","hentry"],"_links":{"self":[{"href":"https:\/\/berta-online.org\/index.php?rest_route=\/wp\/v2\/pages\/16","targetHints":{"allow":["GET"]}}],"collection":[{"href":"https:\/\/berta-online.org\/index.php?rest_route=\/wp\/v2\/pages"}],"about":[{"href":"https:\/\/berta-online.org\/index.php?rest_route=\/wp\/v2\/types\/page"}],"author":[{"embeddable":true,"href":"https:\/\/berta-online.org\/index.php?rest_route=\/wp\/v2\/users\/10"}],"replies":[{"embeddable":true,"href":"https:\/\/berta-online.org\/index.php?rest_route=%2Fwp%2Fv2%2Fcomments&post=16"}],"version-history":[{"count":18,"href":"https:\/\/berta-online.org\/index.php?rest_route=\/wp\/v2\/pages\/16\/revisions"}],"predecessor-version":[{"id":1669,"href":"https:\/\/berta-online.org\/index.php?rest_route=\/wp\/v2\/pages\/16\/revisions\/1669"}],"up":[{"embeddable":true,"href":"https:\/\/berta-online.org\/index.php?rest_route=\/wp\/v2\/pages\/156"}],"wp:attachment":[{"href":"https:\/\/berta-online.org\/index.php?rest_route=%2Fwp%2Fv2%2Fmedia&parent=16"}],"curies":[{"name":"wp","href":"https:\/\/api.w.org\/{rel}","templated":true}]}}